{"id":18134,"date":"2021-09-22T16:18:59","date_gmt":"2021-09-22T09:18:59","guid":{"rendered":"https:\/\/legiavanphongpham.com\/?post_type=product&#038;p=18134"},"modified":"2021-09-22T17:00:16","modified_gmt":"2021-09-22T10:00:16","slug":"gh12","status":"publish","type":"product","link":"https:\/\/legiavanphongpham.com\/index.php\/product\/gh12\/","title":{"rendered":"GH12"},"content":{"rendered":"<p>Gh\u1ebf h\u1ecdp cao c\u1ea5p khung s\u01a1n g\u1ed7 t\u1ef1 nhi\u00ean ch\u00e2n t\u0129nh.<\/p>\n<p>\u0110\u1ec7m t\u1ef1a m\u00fat x\u1ed1p b\u1ecdc da th\u1eadt ho\u1eb7c PVC.<\/p>\n<p>&nbsp;<\/p>\n<p>KT: W630 x D740 x H1080 (mm)<\/p>\n","protected":false},"excerpt":{"rendered":"<p>Gh\u1ebf h\u1ecdp cao c\u1ea5p khung s\u01a1n g\u1ed7 t\u1ef1 nhi\u00ean ch\u00e2n t\u0129nh. \u0110\u1ec7m t\u1ef1a m\u00fat x\u1ed1p b\u1ecdc da th\u1eadt ho\u1eb7c PVC. &nbsp; KT: W630 x D740 x H1080 (mm)<\/p>\n","protected":false},"featured_media":18124,"comment_status":"open","ping_status":"closed","template":"","meta":[],"product_brand":[],"product_cat":[211],"product_tag":[],"class_list":{"0":"post-18134","1":"product","2":"type-product","3":"status-publish","4":"has-post-thumbnail","6":"product_cat-ghe-phong-hop-gh","8":"first","9":"instock","10":"shipping-taxable","11":"purchasable","12":"product-type-simple"},"_links":{"self":[{"href":"https:\/\/legiavanphongpham.com\/index.php\/wp-json\/wp\/v2\/product\/18134","targetHints":{"allow":["GET"]}}],"collection":[{"href":"https:\/\/legiavanphongpham.com\/index.php\/wp-json\/wp\/v2\/product"}],"about":[{"href":"https:\/\/legiavanphongpham.com\/index.php\/wp-json\/wp\/v2\/types\/product"}],"replies":[{"embeddable":true,"href":"https:\/\/legiavanphongpham.com\/index.php\/wp-json\/wp\/v2\/comments?post=18134"}],"wp:featuredmedia":[{"embeddable":true,"href":"https:\/\/legiavanphongpham.com\/index.php\/wp-json\/wp\/v2\/media\/18124"}],"wp:attachment":[{"href":"https:\/\/legiavanphongpham.com\/index.php\/wp-json\/wp\/v2\/media?parent=18134"}],"wp:term":[{"taxonomy":"product_brand","embeddable":true,"href":"https:\/\/legiavanphongpham.com\/index.php\/wp-json\/wp\/v2\/product_brand?post=18134"},{"taxonomy":"product_cat","embeddable":true,"href":"https:\/\/legiavanphongpham.com\/index.php\/wp-json\/wp\/v2\/product_cat?post=18134"},{"taxonomy":"product_tag","embeddable":true,"href":"https:\/\/legiavanphongpham.com\/index.php\/wp-json\/wp\/v2\/product_tag?post=18134"}],"curies":[{"name":"wp","href":"https:\/\/api.w.org\/{rel}","templated":true}]}}