{"id":18269,"date":"2021-09-24T08:28:43","date_gmt":"2021-09-24T01:28:43","guid":{"rendered":"https:\/\/legiavanphongpham.com\/?post_type=product&#038;p=18269"},"modified":"2021-09-24T08:28:43","modified_gmt":"2021-09-24T01:28:43","slug":"ct5022h1r8","status":"publish","type":"product","link":"https:\/\/legiavanphongpham.com\/index.php\/product\/ct5022h1r8\/","title":{"rendered":"CT5022H1R8"},"content":{"rendered":"<p>B\u00e0n h\u1ecdp g\u1ed7 s\u01a1n PU qu\u00e2y r\u1ed7ng gi\u1eefa 800mm, c\u00e1c m\u1eb7t b\u00e0n d\u00f9ng chung ch\u00e2n.<\/p>\n<p>KT: W5000 x D2200 x H760 mm<\/p>\n","protected":false},"excerpt":{"rendered":"<p>B\u00e0n h\u1ecdp g\u1ed7 s\u01a1n PU qu\u00e2y r\u1ed7ng gi\u1eefa 800mm, c\u00e1c m\u1eb7t b\u00e0n d\u00f9ng chung ch\u00e2n. KT: W5000 x D2200 x H760 mm<\/p>\n","protected":false},"featured_media":18266,"comment_status":"open","ping_status":"closed","template":"","meta":[],"product_brand":[],"product_cat":[164],"product_tag":[],"class_list":{"0":"post-18269","1":"product","2":"type-product","3":"status-publish","4":"has-post-thumbnail","6":"product_cat-ban-hop","8":"first","9":"instock","10":"shipping-taxable","11":"purchasable","12":"product-type-simple"},"_links":{"self":[{"href":"https:\/\/legiavanphongpham.com\/index.php\/wp-json\/wp\/v2\/product\/18269","targetHints":{"allow":["GET"]}}],"collection":[{"href":"https:\/\/legiavanphongpham.com\/index.php\/wp-json\/wp\/v2\/product"}],"about":[{"href":"https:\/\/legiavanphongpham.com\/index.php\/wp-json\/wp\/v2\/types\/product"}],"replies":[{"embeddable":true,"href":"https:\/\/legiavanphongpham.com\/index.php\/wp-json\/wp\/v2\/comments?post=18269"}],"wp:featuredmedia":[{"embeddable":true,"href":"https:\/\/legiavanphongpham.com\/index.php\/wp-json\/wp\/v2\/media\/18266"}],"wp:attachment":[{"href":"https:\/\/legiavanphongpham.com\/index.php\/wp-json\/wp\/v2\/media?parent=18269"}],"wp:term":[{"taxonomy":"product_brand","embeddable":true,"href":"https:\/\/legiavanphongpham.com\/index.php\/wp-json\/wp\/v2\/product_brand?post=18269"},{"taxonomy":"product_cat","embeddable":true,"href":"https:\/\/legiavanphongpham.com\/index.php\/wp-json\/wp\/v2\/product_cat?post=18269"},{"taxonomy":"product_tag","embeddable":true,"href":"https:\/\/legiavanphongpham.com\/index.php\/wp-json\/wp\/v2\/product_tag?post=18269"}],"curies":[{"name":"wp","href":"https:\/\/api.w.org\/{rel}","templated":true}]}}