{"id":18531,"date":"2021-09-29T10:01:05","date_gmt":"2021-09-29T03:01:05","guid":{"rendered":"https:\/\/legiavanphongpham.com\/?post_type=product&#038;p=18531"},"modified":"2021-09-29T10:01:05","modified_gmt":"2021-09-29T03:01:05","slug":"cap-bia-12-ngan-co-quai-deli-5558","status":"publish","type":"product","link":"https:\/\/legiavanphongpham.com\/index.php\/product\/cap-bia-12-ngan-co-quai-deli-5558\/","title":{"rendered":"C\u1eb6P B\u00ccA 12 NG\u0102N C\u00d3 QUAI DELI 5558"},"content":{"rendered":"","protected":false},"excerpt":{"rendered":"","protected":false},"featured_media":18532,"comment_status":"open","ping_status":"closed","template":"","meta":[],"product_brand":[],"product_cat":[228],"product_tag":[],"class_list":{"0":"post-18531","1":"product","2":"type-product","3":"status-publish","4":"has-post-thumbnail","6":"product_cat-ke-ho-so-tu-dung-ho-so-hop-cam-but","8":"first","9":"instock","10":"shipping-taxable","11":"product-type-simple"},"_links":{"self":[{"href":"https:\/\/legiavanphongpham.com\/index.php\/wp-json\/wp\/v2\/product\/18531","targetHints":{"allow":["GET"]}}],"collection":[{"href":"https:\/\/legiavanphongpham.com\/index.php\/wp-json\/wp\/v2\/product"}],"about":[{"href":"https:\/\/legiavanphongpham.com\/index.php\/wp-json\/wp\/v2\/types\/product"}],"replies":[{"embeddable":true,"href":"https:\/\/legiavanphongpham.com\/index.php\/wp-json\/wp\/v2\/comments?post=18531"}],"wp:featuredmedia":[{"embeddable":true,"href":"https:\/\/legiavanphongpham.com\/index.php\/wp-json\/wp\/v2\/media\/18532"}],"wp:attachment":[{"href":"https:\/\/legiavanphongpham.com\/index.php\/wp-json\/wp\/v2\/media?parent=18531"}],"wp:term":[{"taxonomy":"product_brand","embeddable":true,"href":"https:\/\/legiavanphongpham.com\/index.php\/wp-json\/wp\/v2\/product_brand?post=18531"},{"taxonomy":"product_cat","embeddable":true,"href":"https:\/\/legiavanphongpham.com\/index.php\/wp-json\/wp\/v2\/product_cat?post=18531"},{"taxonomy":"product_tag","embeddable":true,"href":"https:\/\/legiavanphongpham.com\/index.php\/wp-json\/wp\/v2\/product_tag?post=18531"}],"curies":[{"name":"wp","href":"https:\/\/api.w.org\/{rel}","templated":true}]}}