{"id":18762,"date":"2021-10-01T10:58:44","date_gmt":"2021-10-01T03:58:44","guid":{"rendered":"https:\/\/legiavanphongpham.com\/?post_type=product&#038;p=18762"},"modified":"2021-10-01T10:58:44","modified_gmt":"2021-10-01T03:58:44","slug":"sv120s","status":"publish","type":"product","link":"https:\/\/legiavanphongpham.com\/index.php\/product\/sv120s\/","title":{"rendered":"SV120S"},"content":{"rendered":"<p>Ba\u0300n la\u0300m vi\u00ea\u0323c nh\u00e2n vi\u00ean g\u00f4\u0303 c\u00f4ng nghi\u1ec7p, b\u00e0n kh\u00f4ng c\u00f3 h\u00f4\u0323c v\u00e0 \u0111\u01a1\u0323t t\u00e0i li\u1ec7u.<\/p>\n<p>Ki\u0301ch th\u01b0\u01a1\u0301c:<\/p>\n<p>SV120S: W1200 x D600 x H750 mm<\/p>\n<p>SV120: W1200 x D700 x H750 mm<\/p>\n","protected":false},"excerpt":{"rendered":"<p>Ba\u0300n la\u0300m vi\u00ea\u0323c nh\u00e2n vi\u00ean g\u00f4\u0303 c\u00f4ng nghi\u1ec7p, b\u00e0n kh\u00f4ng c\u00f3 h\u00f4\u0323c v\u00e0 \u0111\u01a1\u0323t t\u00e0i li\u1ec7u. Ki\u0301ch th\u01b0\u01a1\u0301c: SV120S: W1200 x D600 x H750 mm SV120: W1200 x D700 x H750 mm<\/p>\n","protected":false},"featured_media":18763,"comment_status":"open","ping_status":"closed","template":"","meta":[],"product_brand":[],"product_cat":[213],"product_tag":[],"class_list":{"0":"post-18762","1":"product","2":"type-product","3":"status-publish","4":"has-post-thumbnail","6":"product_cat-ban-lam-viec","8":"first","9":"instock","10":"shipping-taxable","11":"purchasable","12":"product-type-simple"},"_links":{"self":[{"href":"https:\/\/legiavanphongpham.com\/index.php\/wp-json\/wp\/v2\/product\/18762","targetHints":{"allow":["GET"]}}],"collection":[{"href":"https:\/\/legiavanphongpham.com\/index.php\/wp-json\/wp\/v2\/product"}],"about":[{"href":"https:\/\/legiavanphongpham.com\/index.php\/wp-json\/wp\/v2\/types\/product"}],"replies":[{"embeddable":true,"href":"https:\/\/legiavanphongpham.com\/index.php\/wp-json\/wp\/v2\/comments?post=18762"}],"wp:featuredmedia":[{"embeddable":true,"href":"https:\/\/legiavanphongpham.com\/index.php\/wp-json\/wp\/v2\/media\/18763"}],"wp:attachment":[{"href":"https:\/\/legiavanphongpham.com\/index.php\/wp-json\/wp\/v2\/media?parent=18762"}],"wp:term":[{"taxonomy":"product_brand","embeddable":true,"href":"https:\/\/legiavanphongpham.com\/index.php\/wp-json\/wp\/v2\/product_brand?post=18762"},{"taxonomy":"product_cat","embeddable":true,"href":"https:\/\/legiavanphongpham.com\/index.php\/wp-json\/wp\/v2\/product_cat?post=18762"},{"taxonomy":"product_tag","embeddable":true,"href":"https:\/\/legiavanphongpham.com\/index.php\/wp-json\/wp\/v2\/product_tag?post=18762"}],"curies":[{"name":"wp","href":"https:\/\/api.w.org\/{rel}","templated":true}]}}