{"id":18765,"date":"2021-10-01T11:02:40","date_gmt":"2021-10-01T04:02:40","guid":{"rendered":"https:\/\/legiavanphongpham.com\/?post_type=product&#038;p=18765"},"modified":"2021-10-01T11:02:40","modified_gmt":"2021-10-01T04:02:40","slug":"sv140","status":"publish","type":"product","link":"https:\/\/legiavanphongpham.com\/index.php\/product\/sv140\/","title":{"rendered":"SV140"},"content":{"rendered":"<p>Ba\u0300n nh\u00e2n vi\u00ean g\u00f4\u0303 Melamine, b\u00e0n kh\u00f4ng c\u00f3 \u0111\u1ee3t v\u00e0 h\u1ed9c \u0111i k\u00e8m.<\/p>\n<p>K\u00edch th\u01b0\u1edbc:<\/p>\n<p>SV140: W1400 x D700 x H750 (mm)<\/p>\n<p>SV140S: W1400 x D600 x H750 (mm)<\/p>\n","protected":false},"excerpt":{"rendered":"<p>Ba\u0300n nh\u00e2n vi\u00ean g\u00f4\u0303 Melamine, b\u00e0n kh\u00f4ng c\u00f3 \u0111\u1ee3t v\u00e0 h\u1ed9c \u0111i k\u00e8m. K\u00edch th\u01b0\u1edbc: SV140: W1400 x D700 x H750 (mm) SV140S: W1400 x D600 x H750 (mm)<\/p>\n","protected":false},"featured_media":18763,"comment_status":"open","ping_status":"closed","template":"","meta":[],"product_brand":[],"product_cat":[213],"product_tag":[],"class_list":{"0":"post-18765","1":"product","2":"type-product","3":"status-publish","4":"has-post-thumbnail","6":"product_cat-ban-lam-viec","8":"first","9":"instock","10":"shipping-taxable","11":"purchasable","12":"product-type-simple"},"_links":{"self":[{"href":"https:\/\/legiavanphongpham.com\/index.php\/wp-json\/wp\/v2\/product\/18765","targetHints":{"allow":["GET"]}}],"collection":[{"href":"https:\/\/legiavanphongpham.com\/index.php\/wp-json\/wp\/v2\/product"}],"about":[{"href":"https:\/\/legiavanphongpham.com\/index.php\/wp-json\/wp\/v2\/types\/product"}],"replies":[{"embeddable":true,"href":"https:\/\/legiavanphongpham.com\/index.php\/wp-json\/wp\/v2\/comments?post=18765"}],"wp:featuredmedia":[{"embeddable":true,"href":"https:\/\/legiavanphongpham.com\/index.php\/wp-json\/wp\/v2\/media\/18763"}],"wp:attachment":[{"href":"https:\/\/legiavanphongpham.com\/index.php\/wp-json\/wp\/v2\/media?parent=18765"}],"wp:term":[{"taxonomy":"product_brand","embeddable":true,"href":"https:\/\/legiavanphongpham.com\/index.php\/wp-json\/wp\/v2\/product_brand?post=18765"},{"taxonomy":"product_cat","embeddable":true,"href":"https:\/\/legiavanphongpham.com\/index.php\/wp-json\/wp\/v2\/product_cat?post=18765"},{"taxonomy":"product_tag","embeddable":true,"href":"https:\/\/legiavanphongpham.com\/index.php\/wp-json\/wp\/v2\/product_tag?post=18765"}],"curies":[{"name":"wp","href":"https:\/\/api.w.org\/{rel}","templated":true}]}}