{"id":18771,"date":"2021-10-01T11:10:01","date_gmt":"2021-10-01T04:10:01","guid":{"rendered":"https:\/\/legiavanphongpham.com\/?post_type=product&#038;p=18771"},"modified":"2021-10-01T11:27:42","modified_gmt":"2021-10-01T04:27:42","slug":"sv120shl3d","status":"publish","type":"product","link":"https:\/\/legiavanphongpham.com\/index.php\/product\/sv120shl3d\/","title":{"rendered":"SV120SHL3D"},"content":{"rendered":"<p>Ba\u0300n la\u0300m vi\u00ea\u0323c g\u00f4\u0303 Melamine h\u00f4\u0323c li\u00ea\u0300n c\u00f3 3 ng\u0103n k\u00e9o.<\/p>\n<p>K\u00edch Th\u01b0\u1edbc:<\/p>\n<p>SV120SHL3D: W1200 x D600 x H750 mm<\/p>\n","protected":false},"excerpt":{"rendered":"<p>Ba\u0300n la\u0300m vi\u00ea\u0323c g\u00f4\u0303 Melamine h\u00f4\u0323c li\u00ea\u0300n c\u00f3 3 ng\u0103n k\u00e9o. K\u00edch Th\u01b0\u1edbc: SV120SHL3D: W1200 x D600 x H750 mm<\/p>\n","protected":false},"featured_media":18770,"comment_status":"open","ping_status":"closed","template":"","meta":[],"product_brand":[],"product_cat":[213],"product_tag":[],"class_list":{"0":"post-18771","1":"product","2":"type-product","3":"status-publish","4":"has-post-thumbnail","6":"product_cat-ban-lam-viec","8":"first","9":"instock","10":"shipping-taxable","11":"purchasable","12":"product-type-simple"},"_links":{"self":[{"href":"https:\/\/legiavanphongpham.com\/index.php\/wp-json\/wp\/v2\/product\/18771","targetHints":{"allow":["GET"]}}],"collection":[{"href":"https:\/\/legiavanphongpham.com\/index.php\/wp-json\/wp\/v2\/product"}],"about":[{"href":"https:\/\/legiavanphongpham.com\/index.php\/wp-json\/wp\/v2\/types\/product"}],"replies":[{"embeddable":true,"href":"https:\/\/legiavanphongpham.com\/index.php\/wp-json\/wp\/v2\/comments?post=18771"}],"wp:featuredmedia":[{"embeddable":true,"href":"https:\/\/legiavanphongpham.com\/index.php\/wp-json\/wp\/v2\/media\/18770"}],"wp:attachment":[{"href":"https:\/\/legiavanphongpham.com\/index.php\/wp-json\/wp\/v2\/media?parent=18771"}],"wp:term":[{"taxonomy":"product_brand","embeddable":true,"href":"https:\/\/legiavanphongpham.com\/index.php\/wp-json\/wp\/v2\/product_brand?post=18771"},{"taxonomy":"product_cat","embeddable":true,"href":"https:\/\/legiavanphongpham.com\/index.php\/wp-json\/wp\/v2\/product_cat?post=18771"},{"taxonomy":"product_tag","embeddable":true,"href":"https:\/\/legiavanphongpham.com\/index.php\/wp-json\/wp\/v2\/product_tag?post=18771"}],"curies":[{"name":"wp","href":"https:\/\/api.w.org\/{rel}","templated":true}]}}