{"id":18777,"date":"2021-10-01T11:29:41","date_gmt":"2021-10-01T04:29:41","guid":{"rendered":"https:\/\/legiavanphongpham.com\/?post_type=product&#038;p=18777"},"modified":"2021-10-01T11:29:41","modified_gmt":"2021-10-01T04:29:41","slug":"sv120shl3c-2","status":"publish","type":"product","link":"https:\/\/legiavanphongpham.com\/index.php\/product\/sv120shl3c-2\/","title":{"rendered":"SV120SHL3C"},"content":{"rendered":"<p>B\u00e0n nh\u00e2n vi\u00ean g\u1ed7 melamine h\u1ed9c li\u1ec1n 03 ch\u00e2n.<\/p>\n<p>H\u1ed9c li\u1ec1n c\u00f3 01 c\u00e1nh m\u1edf v\u00e0 01 ng\u0103n k\u00e9o<\/p>\n<p>KT: W1200 x D600 x H750 (mm)<\/p>\n","protected":false},"excerpt":{"rendered":"<p>B\u00e0n nh\u00e2n vi\u00ean g\u1ed7 melamine h\u1ed9c li\u1ec1n 03 ch\u00e2n. H\u1ed9c li\u1ec1n c\u00f3 01 c\u00e1nh m\u1edf v\u00e0 01 ng\u0103n k\u00e9o KT: W1200 x D600 x H750 (mm)<\/p>\n","protected":false},"featured_media":18761,"comment_status":"open","ping_status":"closed","template":"","meta":[],"product_brand":[],"product_cat":[213],"product_tag":[],"class_list":{"0":"post-18777","1":"product","2":"type-product","3":"status-publish","4":"has-post-thumbnail","6":"product_cat-ban-lam-viec","8":"first","9":"instock","10":"shipping-taxable","11":"purchasable","12":"product-type-simple"},"_links":{"self":[{"href":"https:\/\/legiavanphongpham.com\/index.php\/wp-json\/wp\/v2\/product\/18777","targetHints":{"allow":["GET"]}}],"collection":[{"href":"https:\/\/legiavanphongpham.com\/index.php\/wp-json\/wp\/v2\/product"}],"about":[{"href":"https:\/\/legiavanphongpham.com\/index.php\/wp-json\/wp\/v2\/types\/product"}],"replies":[{"embeddable":true,"href":"https:\/\/legiavanphongpham.com\/index.php\/wp-json\/wp\/v2\/comments?post=18777"}],"wp:featuredmedia":[{"embeddable":true,"href":"https:\/\/legiavanphongpham.com\/index.php\/wp-json\/wp\/v2\/media\/18761"}],"wp:attachment":[{"href":"https:\/\/legiavanphongpham.com\/index.php\/wp-json\/wp\/v2\/media?parent=18777"}],"wp:term":[{"taxonomy":"product_brand","embeddable":true,"href":"https:\/\/legiavanphongpham.com\/index.php\/wp-json\/wp\/v2\/product_brand?post=18777"},{"taxonomy":"product_cat","embeddable":true,"href":"https:\/\/legiavanphongpham.com\/index.php\/wp-json\/wp\/v2\/product_cat?post=18777"},{"taxonomy":"product_tag","embeddable":true,"href":"https:\/\/legiavanphongpham.com\/index.php\/wp-json\/wp\/v2\/product_tag?post=18777"}],"curies":[{"name":"wp","href":"https:\/\/api.w.org\/{rel}","templated":true}]}}