{"id":18788,"date":"2021-10-01T14:06:47","date_gmt":"2021-10-01T07:06:47","guid":{"rendered":"https:\/\/legiavanphongpham.com\/?post_type=product&#038;p=18788"},"modified":"2021-10-01T14:06:47","modified_gmt":"2021-10-01T07:06:47","slug":"gl-101","status":"publish","type":"product","link":"https:\/\/legiavanphongpham.com\/index.php\/product\/gl-101\/","title":{"rendered":"GL 101"},"content":{"rendered":"<p>Gh\u1ebf l\u01b0\u1edbi nh\u00e2n\u00a0vi\u00ean c\u00f3 khung v\u00e0 ch\u00e2n tay t\u1ef1a nh\u1ef1a, \u0111\u1ec7m gh\u1ebf b\u1ecdc v\u1ea3i l\u01b0\u1edbi x\u1ed1p.<\/p>\n<p>Gh\u1ebf s\u1eed d\u1ee5ng ch\u00e2n nh\u1ef1a ho\u1eb7c ch\u00e2n m\u1ea1.<\/p>\n<p>K\u00edch th\u01b0\u1edbc:<\/p>\n<p>Gh\u1ebf ch\u00e2n nh\u1ef1a: W590 x D540\u00a0x H925-1050 (mm)<\/p>\n<p>Gh\u1ebf ch\u00e2n m\u1ea1: W590 x D540 x H840-920 (mm)<\/p>\n","protected":false},"excerpt":{"rendered":"<p>Gh\u1ebf l\u01b0\u1edbi nh\u00e2n\u00a0vi\u00ean c\u00f3 khung v\u00e0 ch\u00e2n tay t\u1ef1a nh\u1ef1a, \u0111\u1ec7m gh\u1ebf b\u1ecdc v\u1ea3i l\u01b0\u1edbi x\u1ed1p. Gh\u1ebf s\u1eed d\u1ee5ng ch\u00e2n nh\u1ef1a ho\u1eb7c ch\u00e2n m\u1ea1. K\u00edch th\u01b0\u1edbc: Gh\u1ebf ch\u00e2n nh\u1ef1a: W590 x D540\u00a0x H925-1050 (mm) Gh\u1ebf ch\u00e2n m\u1ea1: W590 x D540 x H840-920 (mm)<\/p>\n","protected":false},"featured_media":18789,"comment_status":"open","ping_status":"closed","template":"","meta":[],"product_brand":[],"product_cat":[240],"product_tag":[],"class_list":{"0":"post-18788","1":"product","2":"type-product","3":"status-publish","4":"has-post-thumbnail","6":"product_cat-ghe-luoi-nhan-vien","8":"first","9":"instock","10":"shipping-taxable","11":"purchasable","12":"product-type-simple"},"_links":{"self":[{"href":"https:\/\/legiavanphongpham.com\/index.php\/wp-json\/wp\/v2\/product\/18788","targetHints":{"allow":["GET"]}}],"collection":[{"href":"https:\/\/legiavanphongpham.com\/index.php\/wp-json\/wp\/v2\/product"}],"about":[{"href":"https:\/\/legiavanphongpham.com\/index.php\/wp-json\/wp\/v2\/types\/product"}],"replies":[{"embeddable":true,"href":"https:\/\/legiavanphongpham.com\/index.php\/wp-json\/wp\/v2\/comments?post=18788"}],"wp:featuredmedia":[{"embeddable":true,"href":"https:\/\/legiavanphongpham.com\/index.php\/wp-json\/wp\/v2\/media\/18789"}],"wp:attachment":[{"href":"https:\/\/legiavanphongpham.com\/index.php\/wp-json\/wp\/v2\/media?parent=18788"}],"wp:term":[{"taxonomy":"product_brand","embeddable":true,"href":"https:\/\/legiavanphongpham.com\/index.php\/wp-json\/wp\/v2\/product_brand?post=18788"},{"taxonomy":"product_cat","embeddable":true,"href":"https:\/\/legiavanphongpham.com\/index.php\/wp-json\/wp\/v2\/product_cat?post=18788"},{"taxonomy":"product_tag","embeddable":true,"href":"https:\/\/legiavanphongpham.com\/index.php\/wp-json\/wp\/v2\/product_tag?post=18788"}],"curies":[{"name":"wp","href":"https:\/\/api.w.org\/{rel}","templated":true}]}}