{"id":18800,"date":"2021-10-01T14:09:45","date_gmt":"2021-10-01T07:09:45","guid":{"rendered":"https:\/\/legiavanphongpham.com\/?post_type=product&#038;p=18800"},"modified":"2021-10-01T14:09:46","modified_gmt":"2021-10-01T07:09:46","slug":"gl-109","status":"publish","type":"product","link":"https:\/\/legiavanphongpham.com\/index.php\/product\/gl-109\/","title":{"rendered":"GL 109"},"content":{"rendered":"<p>Gh\u1ebf l\u01b0\u1edbi nh\u00e2n vi\u00ean khung v\u00e0 tay b\u1eb1ng nh\u1ef1a.<\/p>\n<p>\u0110\u1ec7m gh\u1ebf b\u1ecdc v\u1ea3i l\u01b0\u1edbi x\u1ed1p, gh\u1ebf s\u1eed d\u1ee5ng ch\u00e2n nh\u1ef1a ho\u1eb7c ch\u00e2n m\u1ea1.<\/p>\n<p>KT: W590 x D560 x H955\u00f71080 (mm)<\/p>\n","protected":false},"excerpt":{"rendered":"<p>Gh\u1ebf l\u01b0\u1edbi nh\u00e2n vi\u00ean khung v\u00e0 tay b\u1eb1ng nh\u1ef1a. \u0110\u1ec7m gh\u1ebf b\u1ecdc v\u1ea3i l\u01b0\u1edbi x\u1ed1p, gh\u1ebf s\u1eed d\u1ee5ng ch\u00e2n nh\u1ef1a ho\u1eb7c ch\u00e2n m\u1ea1. KT: W590 x D560 x H955\u00f71080 (mm)<\/p>\n","protected":false},"featured_media":18792,"comment_status":"open","ping_status":"closed","template":"","meta":[],"product_brand":[],"product_cat":[240],"product_tag":[],"class_list":{"0":"post-18800","1":"product","2":"type-product","3":"status-publish","4":"has-post-thumbnail","6":"product_cat-ghe-luoi-nhan-vien","8":"first","9":"instock","10":"shipping-taxable","11":"purchasable","12":"product-type-simple"},"_links":{"self":[{"href":"https:\/\/legiavanphongpham.com\/index.php\/wp-json\/wp\/v2\/product\/18800","targetHints":{"allow":["GET"]}}],"collection":[{"href":"https:\/\/legiavanphongpham.com\/index.php\/wp-json\/wp\/v2\/product"}],"about":[{"href":"https:\/\/legiavanphongpham.com\/index.php\/wp-json\/wp\/v2\/types\/product"}],"replies":[{"embeddable":true,"href":"https:\/\/legiavanphongpham.com\/index.php\/wp-json\/wp\/v2\/comments?post=18800"}],"wp:featuredmedia":[{"embeddable":true,"href":"https:\/\/legiavanphongpham.com\/index.php\/wp-json\/wp\/v2\/media\/18792"}],"wp:attachment":[{"href":"https:\/\/legiavanphongpham.com\/index.php\/wp-json\/wp\/v2\/media?parent=18800"}],"wp:term":[{"taxonomy":"product_brand","embeddable":true,"href":"https:\/\/legiavanphongpham.com\/index.php\/wp-json\/wp\/v2\/product_brand?post=18800"},{"taxonomy":"product_cat","embeddable":true,"href":"https:\/\/legiavanphongpham.com\/index.php\/wp-json\/wp\/v2\/product_cat?post=18800"},{"taxonomy":"product_tag","embeddable":true,"href":"https:\/\/legiavanphongpham.com\/index.php\/wp-json\/wp\/v2\/product_tag?post=18800"}],"curies":[{"name":"wp","href":"https:\/\/api.w.org\/{rel}","templated":true}]}}