{"id":18801,"date":"2021-10-01T14:10:20","date_gmt":"2021-10-01T07:10:20","guid":{"rendered":"https:\/\/legiavanphongpham.com\/?post_type=product&#038;p=18801"},"modified":"2021-10-01T14:14:02","modified_gmt":"2021-10-01T07:14:02","slug":"gl-110","status":"publish","type":"product","link":"https:\/\/legiavanphongpham.com\/index.php\/product\/gl-110\/","title":{"rendered":"GL 110"},"content":{"rendered":"<p>Gh\u1ebf l\u01b0\u1edbi chuy\u00ean vi\u00ean khung, ch\u00e2n v\u00e0 tay gh\u1ebf b\u1eb1ng nh\u1ef1a.<\/p>\n<p>\u0110\u1ec7m gh\u1ebf b\u1ecdc v\u1ea3i l\u01b0\u1edbi, gh\u1ebf s\u1eed d\u1ee5ng ch\u00e2n nh\u1ef1a ho\u1eb7c ch\u00e2n m\u1ea1.<\/p>\n<p>KT: W600 x D560 x H925\u00f71050 (mm).<\/p>\n","protected":false},"excerpt":{"rendered":"<p>Gh\u1ebf l\u01b0\u1edbi chuy\u00ean vi\u00ean khung, ch\u00e2n v\u00e0 tay gh\u1ebf b\u1eb1ng nh\u1ef1a. \u0110\u1ec7m gh\u1ebf b\u1ecdc v\u1ea3i l\u01b0\u1edbi, gh\u1ebf s\u1eed d\u1ee5ng ch\u00e2n nh\u1ef1a ho\u1eb7c ch\u00e2n m\u1ea1. KT: W600 x D560 x H925\u00f71050 (mm).<\/p>\n","protected":false},"featured_media":18793,"comment_status":"open","ping_status":"closed","template":"","meta":[],"product_brand":[],"product_cat":[240],"product_tag":[],"class_list":{"0":"post-18801","1":"product","2":"type-product","3":"status-publish","4":"has-post-thumbnail","6":"product_cat-ghe-luoi-nhan-vien","8":"first","9":"instock","10":"shipping-taxable","11":"purchasable","12":"product-type-simple"},"_links":{"self":[{"href":"https:\/\/legiavanphongpham.com\/index.php\/wp-json\/wp\/v2\/product\/18801","targetHints":{"allow":["GET"]}}],"collection":[{"href":"https:\/\/legiavanphongpham.com\/index.php\/wp-json\/wp\/v2\/product"}],"about":[{"href":"https:\/\/legiavanphongpham.com\/index.php\/wp-json\/wp\/v2\/types\/product"}],"replies":[{"embeddable":true,"href":"https:\/\/legiavanphongpham.com\/index.php\/wp-json\/wp\/v2\/comments?post=18801"}],"wp:featuredmedia":[{"embeddable":true,"href":"https:\/\/legiavanphongpham.com\/index.php\/wp-json\/wp\/v2\/media\/18793"}],"wp:attachment":[{"href":"https:\/\/legiavanphongpham.com\/index.php\/wp-json\/wp\/v2\/media?parent=18801"}],"wp:term":[{"taxonomy":"product_brand","embeddable":true,"href":"https:\/\/legiavanphongpham.com\/index.php\/wp-json\/wp\/v2\/product_brand?post=18801"},{"taxonomy":"product_cat","embeddable":true,"href":"https:\/\/legiavanphongpham.com\/index.php\/wp-json\/wp\/v2\/product_cat?post=18801"},{"taxonomy":"product_tag","embeddable":true,"href":"https:\/\/legiavanphongpham.com\/index.php\/wp-json\/wp\/v2\/product_tag?post=18801"}],"curies":[{"name":"wp","href":"https:\/\/api.w.org\/{rel}","templated":true}]}}