{"id":18821,"date":"2021-10-01T15:08:42","date_gmt":"2021-10-01T08:08:42","guid":{"rendered":"https:\/\/legiavanphongpham.com\/?post_type=product&#038;p=18821"},"modified":"2021-10-01T15:08:42","modified_gmt":"2021-10-01T08:08:42","slug":"gl208","status":"publish","type":"product","link":"https:\/\/legiavanphongpham.com\/index.php\/product\/gl208\/","title":{"rendered":"GL208"},"content":{"rendered":"<p>Gh\u1ebf l\u01b0\u1edbi cao c\u1ea5p \u0111\u1ec7m m\u00fat \u0111\u00fac b\u1ecdc v\u1ea3i.<\/p>\n<p>Khung, tay v\u00e0 ch\u00e2n gh\u1ebf b\u1eb1ng nh\u1ef1a.<\/p>\n<p>KT: W625 x D600 x H995\u00f71120 (mm)<\/p>\n","protected":false},"excerpt":{"rendered":"<p>Gh\u1ebf l\u01b0\u1edbi cao c\u1ea5p \u0111\u1ec7m m\u00fat \u0111\u00fac b\u1ecdc v\u1ea3i. Khung, tay v\u00e0 ch\u00e2n gh\u1ebf b\u1eb1ng nh\u1ef1a. KT: W625 x D600 x H995\u00f71120 (mm)<\/p>\n","protected":false},"featured_media":18822,"comment_status":"open","ping_status":"closed","template":"","meta":[],"product_brand":[],"product_cat":[241],"product_tag":[],"class_list":{"0":"post-18821","1":"product","2":"type-product","3":"status-publish","4":"has-post-thumbnail","6":"product_cat-ghe-luoi-lanh-dao","8":"first","9":"instock","10":"shipping-taxable","11":"purchasable","12":"product-type-simple"},"_links":{"self":[{"href":"https:\/\/legiavanphongpham.com\/index.php\/wp-json\/wp\/v2\/product\/18821","targetHints":{"allow":["GET"]}}],"collection":[{"href":"https:\/\/legiavanphongpham.com\/index.php\/wp-json\/wp\/v2\/product"}],"about":[{"href":"https:\/\/legiavanphongpham.com\/index.php\/wp-json\/wp\/v2\/types\/product"}],"replies":[{"embeddable":true,"href":"https:\/\/legiavanphongpham.com\/index.php\/wp-json\/wp\/v2\/comments?post=18821"}],"wp:featuredmedia":[{"embeddable":true,"href":"https:\/\/legiavanphongpham.com\/index.php\/wp-json\/wp\/v2\/media\/18822"}],"wp:attachment":[{"href":"https:\/\/legiavanphongpham.com\/index.php\/wp-json\/wp\/v2\/media?parent=18821"}],"wp:term":[{"taxonomy":"product_brand","embeddable":true,"href":"https:\/\/legiavanphongpham.com\/index.php\/wp-json\/wp\/v2\/product_brand?post=18821"},{"taxonomy":"product_cat","embeddable":true,"href":"https:\/\/legiavanphongpham.com\/index.php\/wp-json\/wp\/v2\/product_cat?post=18821"},{"taxonomy":"product_tag","embeddable":true,"href":"https:\/\/legiavanphongpham.com\/index.php\/wp-json\/wp\/v2\/product_tag?post=18821"}],"curies":[{"name":"wp","href":"https:\/\/api.w.org\/{rel}","templated":true}]}}