{"id":18842,"date":"2021-10-01T15:30:01","date_gmt":"2021-10-01T08:30:01","guid":{"rendered":"https:\/\/legiavanphongpham.com\/?post_type=product&#038;p=18842"},"modified":"2021-10-01T15:30:01","modified_gmt":"2021-10-01T08:30:01","slug":"gl-315-2","status":"publish","type":"product","link":"https:\/\/legiavanphongpham.com\/index.php\/product\/gl-315-2\/","title":{"rendered":"GL 315"},"content":{"rendered":"<p>Gh\u1ebf l\u01b0\u1edbi cao c\u1ea5p khung t\u1ef1a nh\u1ef1a b\u1ecdc v\u1ea3i l\u01b0\u1edbi, \u0111\u1ec7m m\u00fat b\u1ecdc Da c\u00f4ng nghi\u1ec7p.<\/p>\n<p>Gh\u1ebf d\u00f9ng ch\u00e2n th\u00e9p m\u1ea1.<\/p>\n<p>KT: W580 x D610 x H1220 &#8211; 1300 (mm)<\/p>\n","protected":false},"excerpt":{"rendered":"<p>Gh\u1ebf l\u01b0\u1edbi cao c\u1ea5p khung t\u1ef1a nh\u1ef1a b\u1ecdc v\u1ea3i l\u01b0\u1edbi, \u0111\u1ec7m m\u00fat b\u1ecdc Da c\u00f4ng nghi\u1ec7p. Gh\u1ebf d\u00f9ng ch\u00e2n th\u00e9p m\u1ea1. KT: W580 x D610 x H1220 &#8211; 1300 (mm)<\/p>\n","protected":false},"featured_media":18843,"comment_status":"open","ping_status":"closed","template":"","meta":[],"product_brand":[],"product_cat":[241],"product_tag":[],"class_list":{"0":"post-18842","1":"product","2":"type-product","3":"status-publish","4":"has-post-thumbnail","6":"product_cat-ghe-luoi-lanh-dao","8":"first","9":"instock","10":"shipping-taxable","11":"purchasable","12":"product-type-simple"},"_links":{"self":[{"href":"https:\/\/legiavanphongpham.com\/index.php\/wp-json\/wp\/v2\/product\/18842","targetHints":{"allow":["GET"]}}],"collection":[{"href":"https:\/\/legiavanphongpham.com\/index.php\/wp-json\/wp\/v2\/product"}],"about":[{"href":"https:\/\/legiavanphongpham.com\/index.php\/wp-json\/wp\/v2\/types\/product"}],"replies":[{"embeddable":true,"href":"https:\/\/legiavanphongpham.com\/index.php\/wp-json\/wp\/v2\/comments?post=18842"}],"wp:featuredmedia":[{"embeddable":true,"href":"https:\/\/legiavanphongpham.com\/index.php\/wp-json\/wp\/v2\/media\/18843"}],"wp:attachment":[{"href":"https:\/\/legiavanphongpham.com\/index.php\/wp-json\/wp\/v2\/media?parent=18842"}],"wp:term":[{"taxonomy":"product_brand","embeddable":true,"href":"https:\/\/legiavanphongpham.com\/index.php\/wp-json\/wp\/v2\/product_brand?post=18842"},{"taxonomy":"product_cat","embeddable":true,"href":"https:\/\/legiavanphongpham.com\/index.php\/wp-json\/wp\/v2\/product_cat?post=18842"},{"taxonomy":"product_tag","embeddable":true,"href":"https:\/\/legiavanphongpham.com\/index.php\/wp-json\/wp\/v2\/product_tag?post=18842"}],"curies":[{"name":"wp","href":"https:\/\/api.w.org\/{rel}","templated":true}]}}