{"id":18877,"date":"2021-10-15T19:54:40","date_gmt":"2021-10-15T12:54:40","guid":{"rendered":"https:\/\/legiavanphongpham.com\/?post_type=product&#038;p=18877"},"modified":"2021-10-15T19:54:40","modified_gmt":"2021-10-15T12:54:40","slug":"tu981-2k","status":"publish","type":"product","link":"https:\/\/legiavanphongpham.com\/index.php\/product\/tu981-2k\/","title":{"rendered":"TU981-2K"},"content":{"rendered":"<p>T\u1ee7 s\u1eaft s\u01a1n t\u0129nh \u0111i\u1ec7n 2 khoang c\u00e1nh m\u1edf, b\u00ean trong m\u1ed7i khoang c\u00f3 1 \u0111\u1ee3t c\u1ed1 \u0111\u1ecbnh v\u00e0 1 su\u1ed1t treo qu\u1ea7n \u00e1o.<\/p>\n<p>M\u1ed7i c\u00e1nh c\u00f3 1 kh\u00f3a locker li\u1ec1n tay n\u1eafm v\u00e0 1 tai kh\u00f3a<\/p>\n<p>KT: W619 x D450 x H1830 mm<\/p>\n","protected":false},"excerpt":{"rendered":"<p>T\u1ee7 s\u1eaft s\u01a1n t\u0129nh \u0111i\u1ec7n 2 khoang c\u00e1nh m\u1edf, b\u00ean trong m\u1ed7i khoang c\u00f3 1 \u0111\u1ee3t c\u1ed1 \u0111\u1ecbnh v\u00e0 1 su\u1ed1t treo qu\u1ea7n \u00e1o. M\u1ed7i c\u00e1nh c\u00f3 1 kh\u00f3a locker li\u1ec1n tay n\u1eafm v\u00e0 1 tai kh\u00f3a KT: W619 x D450 x H1830 mm<\/p>\n","protected":false},"featured_media":18866,"comment_status":"open","ping_status":"closed","template":"","meta":[],"product_brand":[],"product_cat":[242],"product_tag":[],"class_list":{"0":"post-18877","1":"product","2":"type-product","3":"status-publish","4":"has-post-thumbnail","6":"product_cat-tu-locker","8":"first","9":"instock","10":"shipping-taxable","11":"purchasable","12":"product-type-simple"},"_links":{"self":[{"href":"https:\/\/legiavanphongpham.com\/index.php\/wp-json\/wp\/v2\/product\/18877","targetHints":{"allow":["GET"]}}],"collection":[{"href":"https:\/\/legiavanphongpham.com\/index.php\/wp-json\/wp\/v2\/product"}],"about":[{"href":"https:\/\/legiavanphongpham.com\/index.php\/wp-json\/wp\/v2\/types\/product"}],"replies":[{"embeddable":true,"href":"https:\/\/legiavanphongpham.com\/index.php\/wp-json\/wp\/v2\/comments?post=18877"}],"wp:featuredmedia":[{"embeddable":true,"href":"https:\/\/legiavanphongpham.com\/index.php\/wp-json\/wp\/v2\/media\/18866"}],"wp:attachment":[{"href":"https:\/\/legiavanphongpham.com\/index.php\/wp-json\/wp\/v2\/media?parent=18877"}],"wp:term":[{"taxonomy":"product_brand","embeddable":true,"href":"https:\/\/legiavanphongpham.com\/index.php\/wp-json\/wp\/v2\/product_brand?post=18877"},{"taxonomy":"product_cat","embeddable":true,"href":"https:\/\/legiavanphongpham.com\/index.php\/wp-json\/wp\/v2\/product_cat?post=18877"},{"taxonomy":"product_tag","embeddable":true,"href":"https:\/\/legiavanphongpham.com\/index.php\/wp-json\/wp\/v2\/product_tag?post=18877"}],"curies":[{"name":"wp","href":"https:\/\/api.w.org\/{rel}","templated":true}]}}