{"id":18886,"date":"2021-10-15T20:11:11","date_gmt":"2021-10-15T13:11:11","guid":{"rendered":"https:\/\/legiavanphongpham.com\/?post_type=product&#038;p=18886"},"modified":"2021-10-15T20:11:11","modified_gmt":"2021-10-15T13:11:11","slug":"tu07","status":"publish","type":"product","link":"https:\/\/legiavanphongpham.com\/index.php\/product\/tu07\/","title":{"rendered":"TU07"},"content":{"rendered":"<p>T\u1ee7 s\u1eaft s\u01a1n t\u0129nh \u0111i\u1ec7n 1 khoang v\u00e0 2 c\u00e1nh th\u00e9p l\u00f9a, b\u00ean trong c\u00f3 3 \u0111\u1ee3t di \u0111\u1ed9ng.<\/p>\n<p>KT: W915 x D450 x H1830 mm<\/p>\n","protected":false},"excerpt":{"rendered":"<p>T\u1ee7 s\u1eaft s\u01a1n t\u0129nh \u0111i\u1ec7n 1 khoang v\u00e0 2 c\u00e1nh th\u00e9p l\u00f9a, b\u00ean trong c\u00f3 3 \u0111\u1ee3t di \u0111\u1ed9ng. KT: W915 x D450 x H1830 mm<\/p>\n","protected":false},"featured_media":18891,"comment_status":"open","ping_status":"closed","template":"","meta":[],"product_brand":[],"product_cat":[168],"product_tag":[],"class_list":{"0":"post-18886","1":"product","2":"type-product","3":"status-publish","4":"has-post-thumbnail","6":"product_cat-tu-ho-so","8":"first","9":"instock","10":"shipping-taxable","11":"purchasable","12":"product-type-simple"},"_links":{"self":[{"href":"https:\/\/legiavanphongpham.com\/index.php\/wp-json\/wp\/v2\/product\/18886","targetHints":{"allow":["GET"]}}],"collection":[{"href":"https:\/\/legiavanphongpham.com\/index.php\/wp-json\/wp\/v2\/product"}],"about":[{"href":"https:\/\/legiavanphongpham.com\/index.php\/wp-json\/wp\/v2\/types\/product"}],"replies":[{"embeddable":true,"href":"https:\/\/legiavanphongpham.com\/index.php\/wp-json\/wp\/v2\/comments?post=18886"}],"wp:featuredmedia":[{"embeddable":true,"href":"https:\/\/legiavanphongpham.com\/index.php\/wp-json\/wp\/v2\/media\/18891"}],"wp:attachment":[{"href":"https:\/\/legiavanphongpham.com\/index.php\/wp-json\/wp\/v2\/media?parent=18886"}],"wp:term":[{"taxonomy":"product_brand","embeddable":true,"href":"https:\/\/legiavanphongpham.com\/index.php\/wp-json\/wp\/v2\/product_brand?post=18886"},{"taxonomy":"product_cat","embeddable":true,"href":"https:\/\/legiavanphongpham.com\/index.php\/wp-json\/wp\/v2\/product_cat?post=18886"},{"taxonomy":"product_tag","embeddable":true,"href":"https:\/\/legiavanphongpham.com\/index.php\/wp-json\/wp\/v2\/product_tag?post=18886"}],"curies":[{"name":"wp","href":"https:\/\/api.w.org\/{rel}","templated":true}]}}