{"id":18903,"date":"2021-10-15T20:12:00","date_gmt":"2021-10-15T13:12:00","guid":{"rendered":"https:\/\/legiavanphongpham.com\/?post_type=product&#038;p=18903"},"modified":"2021-10-15T20:12:01","modified_gmt":"2021-10-15T13:12:01","slug":"tu09","status":"publish","type":"product","link":"https:\/\/legiavanphongpham.com\/index.php\/product\/tu09\/","title":{"rendered":"TU09"},"content":{"rendered":"<p>T\u1ee7 s\u1eaft s\u01a1n t\u0129nh \u0111i\u1ec7n 1 khoang, 2 c\u00e1nh m\u1edf d\u00f9ng chung 1 kh\u00f3a, c\u00f3 3 \u0111\u1ee3t di \u0111\u1ed9ng.<\/p>\n<p>K\u00edch th\u01b0\u1edbc : W915 x D450 x H1830 mm<\/p>\n","protected":false},"excerpt":{"rendered":"<p>T\u1ee7 s\u1eaft s\u01a1n t\u0129nh \u0111i\u1ec7n 1 khoang, 2 c\u00e1nh m\u1edf d\u00f9ng chung 1 kh\u00f3a, c\u00f3 3 \u0111\u1ee3t di \u0111\u1ed9ng. K\u00edch th\u01b0\u1edbc : W915 x D450 x H1830 mm<\/p>\n","protected":false},"featured_media":18893,"comment_status":"open","ping_status":"closed","template":"","meta":[],"product_brand":[],"product_cat":[168],"product_tag":[],"class_list":{"0":"post-18903","1":"product","2":"type-product","3":"status-publish","4":"has-post-thumbnail","6":"product_cat-tu-ho-so","8":"first","9":"instock","10":"shipping-taxable","11":"purchasable","12":"product-type-simple"},"_links":{"self":[{"href":"https:\/\/legiavanphongpham.com\/index.php\/wp-json\/wp\/v2\/product\/18903","targetHints":{"allow":["GET"]}}],"collection":[{"href":"https:\/\/legiavanphongpham.com\/index.php\/wp-json\/wp\/v2\/product"}],"about":[{"href":"https:\/\/legiavanphongpham.com\/index.php\/wp-json\/wp\/v2\/types\/product"}],"replies":[{"embeddable":true,"href":"https:\/\/legiavanphongpham.com\/index.php\/wp-json\/wp\/v2\/comments?post=18903"}],"wp:featuredmedia":[{"embeddable":true,"href":"https:\/\/legiavanphongpham.com\/index.php\/wp-json\/wp\/v2\/media\/18893"}],"wp:attachment":[{"href":"https:\/\/legiavanphongpham.com\/index.php\/wp-json\/wp\/v2\/media?parent=18903"}],"wp:term":[{"taxonomy":"product_brand","embeddable":true,"href":"https:\/\/legiavanphongpham.com\/index.php\/wp-json\/wp\/v2\/product_brand?post=18903"},{"taxonomy":"product_cat","embeddable":true,"href":"https:\/\/legiavanphongpham.com\/index.php\/wp-json\/wp\/v2\/product_cat?post=18903"},{"taxonomy":"product_tag","embeddable":true,"href":"https:\/\/legiavanphongpham.com\/index.php\/wp-json\/wp\/v2\/product_tag?post=18903"}],"curies":[{"name":"wp","href":"https:\/\/api.w.org\/{rel}","templated":true}]}}