{"id":18906,"date":"2021-10-15T20:15:12","date_gmt":"2021-10-15T13:15:12","guid":{"rendered":"https:\/\/legiavanphongpham.com\/?post_type=product&#038;p=18906"},"modified":"2021-10-15T20:15:12","modified_gmt":"2021-10-15T13:15:12","slug":"tu88-7db","status":"publish","type":"product","link":"https:\/\/legiavanphongpham.com\/index.php\/product\/tu88-7db\/","title":{"rendered":"TU88-7DB"},"content":{"rendered":"<p>T\u1ee7 s\u1eaft s\u01a1n t\u0129nh \u0111i\u1ec7n 2 khoang: khoang c\u00e1nh s\u1eaft m\u1edf c\u00f3 1 kh\u00f3a m\u00e3, b\u00ean trong co\u0301 2 \u0111\u1ee3t di \u0111\u1ed9ng.<\/p>\n<p>Khoang 7 ng\u0103n k\u00e9o s\u1eed d\u1ee5ng chung 1 thanh kh\u00f3a d\u00e0n.<\/p>\n<p>KT: W880 x D407 x H915 mm<\/p>\n","protected":false},"excerpt":{"rendered":"<p>T\u1ee7 s\u1eaft s\u01a1n t\u0129nh \u0111i\u1ec7n 2 khoang: khoang c\u00e1nh s\u1eaft m\u1edf c\u00f3 1 kh\u00f3a m\u00e3, b\u00ean trong co\u0301 2 \u0111\u1ee3t di \u0111\u1ed9ng. Khoang 7 ng\u0103n k\u00e9o s\u1eed d\u1ee5ng chung 1 thanh kh\u00f3a d\u00e0n. KT: W880 x D407 x H915 mm<\/p>\n","protected":false},"featured_media":18898,"comment_status":"open","ping_status":"closed","template":"","meta":[],"product_brand":[],"product_cat":[168],"product_tag":[],"class_list":{"0":"post-18906","1":"product","2":"type-product","3":"status-publish","4":"has-post-thumbnail","6":"product_cat-tu-ho-so","8":"first","9":"instock","10":"shipping-taxable","11":"purchasable","12":"product-type-simple"},"_links":{"self":[{"href":"https:\/\/legiavanphongpham.com\/index.php\/wp-json\/wp\/v2\/product\/18906","targetHints":{"allow":["GET"]}}],"collection":[{"href":"https:\/\/legiavanphongpham.com\/index.php\/wp-json\/wp\/v2\/product"}],"about":[{"href":"https:\/\/legiavanphongpham.com\/index.php\/wp-json\/wp\/v2\/types\/product"}],"replies":[{"embeddable":true,"href":"https:\/\/legiavanphongpham.com\/index.php\/wp-json\/wp\/v2\/comments?post=18906"}],"wp:featuredmedia":[{"embeddable":true,"href":"https:\/\/legiavanphongpham.com\/index.php\/wp-json\/wp\/v2\/media\/18898"}],"wp:attachment":[{"href":"https:\/\/legiavanphongpham.com\/index.php\/wp-json\/wp\/v2\/media?parent=18906"}],"wp:term":[{"taxonomy":"product_brand","embeddable":true,"href":"https:\/\/legiavanphongpham.com\/index.php\/wp-json\/wp\/v2\/product_brand?post=18906"},{"taxonomy":"product_cat","embeddable":true,"href":"https:\/\/legiavanphongpham.com\/index.php\/wp-json\/wp\/v2\/product_cat?post=18906"},{"taxonomy":"product_tag","embeddable":true,"href":"https:\/\/legiavanphongpham.com\/index.php\/wp-json\/wp\/v2\/product_tag?post=18906"}],"curies":[{"name":"wp","href":"https:\/\/api.w.org\/{rel}","templated":true}]}}