{"id":18909,"date":"2021-10-15T20:16:52","date_gmt":"2021-10-15T13:16:52","guid":{"rendered":"https:\/\/legiavanphongpham.com\/?post_type=product&#038;p=18909"},"modified":"2021-10-15T20:16:52","modified_gmt":"2021-10-15T13:16:52","slug":"tu118-12d","status":"publish","type":"product","link":"https:\/\/legiavanphongpham.com\/index.php\/product\/tu118-12d\/","title":{"rendered":"TU118-12D"},"content":{"rendered":"<p>T\u1ee7 s\u1eaft s\u01a1n t\u0129nh \u0111i\u1ec7n g\u1ed3m 3 khoang, m\u1ed7i khoang c\u00f3 4 ng\u0103n k\u00e9o, d\u00f9ng chung 1 thanh kh\u00f3a d\u00e0n.<\/p>\n<p>KT: W1180 x D407 x H915 mm<\/p>\n","protected":false},"excerpt":{"rendered":"<p>T\u1ee7 s\u1eaft s\u01a1n t\u0129nh \u0111i\u1ec7n g\u1ed3m 3 khoang, m\u1ed7i khoang c\u00f3 4 ng\u0103n k\u00e9o, d\u00f9ng chung 1 thanh kh\u00f3a d\u00e0n. KT: W1180 x D407 x H915 mm<\/p>\n","protected":false},"featured_media":18900,"comment_status":"open","ping_status":"closed","template":"","meta":[],"product_brand":[],"product_cat":[168],"product_tag":[],"class_list":{"0":"post-18909","1":"product","2":"type-product","3":"status-publish","4":"has-post-thumbnail","6":"product_cat-tu-ho-so","8":"first","9":"instock","10":"shipping-taxable","11":"purchasable","12":"product-type-simple"},"_links":{"self":[{"href":"https:\/\/legiavanphongpham.com\/index.php\/wp-json\/wp\/v2\/product\/18909","targetHints":{"allow":["GET"]}}],"collection":[{"href":"https:\/\/legiavanphongpham.com\/index.php\/wp-json\/wp\/v2\/product"}],"about":[{"href":"https:\/\/legiavanphongpham.com\/index.php\/wp-json\/wp\/v2\/types\/product"}],"replies":[{"embeddable":true,"href":"https:\/\/legiavanphongpham.com\/index.php\/wp-json\/wp\/v2\/comments?post=18909"}],"wp:featuredmedia":[{"embeddable":true,"href":"https:\/\/legiavanphongpham.com\/index.php\/wp-json\/wp\/v2\/media\/18900"}],"wp:attachment":[{"href":"https:\/\/legiavanphongpham.com\/index.php\/wp-json\/wp\/v2\/media?parent=18909"}],"wp:term":[{"taxonomy":"product_brand","embeddable":true,"href":"https:\/\/legiavanphongpham.com\/index.php\/wp-json\/wp\/v2\/product_brand?post=18909"},{"taxonomy":"product_cat","embeddable":true,"href":"https:\/\/legiavanphongpham.com\/index.php\/wp-json\/wp\/v2\/product_cat?post=18909"},{"taxonomy":"product_tag","embeddable":true,"href":"https:\/\/legiavanphongpham.com\/index.php\/wp-json\/wp\/v2\/product_tag?post=18909"}],"curies":[{"name":"wp","href":"https:\/\/api.w.org\/{rel}","templated":true}]}}