{"id":18916,"date":"2021-10-15T20:36:24","date_gmt":"2021-10-15T13:36:24","guid":{"rendered":"https:\/\/legiavanphongpham.com\/?post_type=product&#038;p=18916"},"modified":"2021-10-15T20:36:24","modified_gmt":"2021-10-15T13:36:24","slug":"tu2f","status":"publish","type":"product","link":"https:\/\/legiavanphongpham.com\/index.php\/product\/tu2f\/","title":{"rendered":"TU2F"},"content":{"rendered":"<p>T\u1ee7 s\u1eaft \u0111\u1ec3 file s\u01a1n t\u0129nh \u0111i\u1ec7n g\u1ed3m 2 ng\u0103n k\u00e9o \u0111\u1ef1ng File chuy\u1ec3n \u0111\u1ed9ng b\u1eb1ng c\u01a1 c\u1ea5u ray bi.<\/p>\n<p>KT: W465 x D620 x H712 mm<\/p>\n","protected":false},"excerpt":{"rendered":"<p>T\u1ee7 s\u1eaft \u0111\u1ec3 file s\u01a1n t\u0129nh \u0111i\u1ec7n g\u1ed3m 2 ng\u0103n k\u00e9o \u0111\u1ef1ng File chuy\u1ec3n \u0111\u1ed9ng b\u1eb1ng c\u01a1 c\u1ea5u ray bi. KT: W465 x D620 x H712 mm<\/p>\n","protected":false},"featured_media":18887,"comment_status":"open","ping_status":"closed","template":"","meta":[],"product_brand":[],"product_cat":[168],"product_tag":[],"class_list":{"0":"post-18916","1":"product","2":"type-product","3":"status-publish","4":"has-post-thumbnail","6":"product_cat-tu-ho-so","8":"first","9":"instock","10":"shipping-taxable","11":"purchasable","12":"product-type-simple"},"_links":{"self":[{"href":"https:\/\/legiavanphongpham.com\/index.php\/wp-json\/wp\/v2\/product\/18916","targetHints":{"allow":["GET"]}}],"collection":[{"href":"https:\/\/legiavanphongpham.com\/index.php\/wp-json\/wp\/v2\/product"}],"about":[{"href":"https:\/\/legiavanphongpham.com\/index.php\/wp-json\/wp\/v2\/types\/product"}],"replies":[{"embeddable":true,"href":"https:\/\/legiavanphongpham.com\/index.php\/wp-json\/wp\/v2\/comments?post=18916"}],"wp:featuredmedia":[{"embeddable":true,"href":"https:\/\/legiavanphongpham.com\/index.php\/wp-json\/wp\/v2\/media\/18887"}],"wp:attachment":[{"href":"https:\/\/legiavanphongpham.com\/index.php\/wp-json\/wp\/v2\/media?parent=18916"}],"wp:term":[{"taxonomy":"product_brand","embeddable":true,"href":"https:\/\/legiavanphongpham.com\/index.php\/wp-json\/wp\/v2\/product_brand?post=18916"},{"taxonomy":"product_cat","embeddable":true,"href":"https:\/\/legiavanphongpham.com\/index.php\/wp-json\/wp\/v2\/product_cat?post=18916"},{"taxonomy":"product_tag","embeddable":true,"href":"https:\/\/legiavanphongpham.com\/index.php\/wp-json\/wp\/v2\/product_tag?post=18916"}],"curies":[{"name":"wp","href":"https:\/\/api.w.org\/{rel}","templated":true}]}}