{"id":18936,"date":"2021-10-16T15:00:05","date_gmt":"2021-10-16T08:00:05","guid":{"rendered":"https:\/\/legiavanphongpham.com\/?post_type=product&#038;p=18936"},"modified":"2021-10-16T15:00:05","modified_gmt":"2021-10-16T08:00:05","slug":"dc940h3","status":"publish","type":"product","link":"https:\/\/legiavanphongpham.com\/index.php\/product\/dc940h3\/","title":{"rendered":"DC940H3"},"content":{"rendered":"<p>T\u1ee7 t\u00e0i li\u1ec7u g\u1ed7 s\u01a1n Pu g\u1ed3m 2 bu\u1ed3ng, ph\u00eda tr\u00ean l\u00e0 2 khoang c\u00e1nh k\u00ednh \u0111\u1ec3 t\u00e0i li\u1ec7u v\u00e0 ph\u00eda d\u01b0\u1edbi l\u00e0 2 khoang c\u00e1nh g\u1ed7 m\u1edf.<\/p>\n<p>KT: W900 x D400 x H2000 mm<\/p>\n","protected":false},"excerpt":{"rendered":"<p>T\u1ee7 t\u00e0i li\u1ec7u g\u1ed7 s\u01a1n Pu g\u1ed3m 2 bu\u1ed3ng, ph\u00eda tr\u00ean l\u00e0 2 khoang c\u00e1nh k\u00ednh \u0111\u1ec3 t\u00e0i li\u1ec7u v\u00e0 ph\u00eda d\u01b0\u1edbi l\u00e0 2 khoang c\u00e1nh g\u1ed7 m\u1edf. KT: W900 x D400 x H2000 mm<\/p>\n","protected":false},"featured_media":18935,"comment_status":"open","ping_status":"closed","template":"","meta":[],"product_brand":[],"product_cat":[243],"product_tag":[],"class_list":{"0":"post-18936","1":"product","2":"type-product","3":"status-publish","4":"has-post-thumbnail","6":"product_cat-tu-go-vp","8":"first","9":"instock","10":"shipping-taxable","11":"purchasable","12":"product-type-simple"},"_links":{"self":[{"href":"https:\/\/legiavanphongpham.com\/index.php\/wp-json\/wp\/v2\/product\/18936","targetHints":{"allow":["GET"]}}],"collection":[{"href":"https:\/\/legiavanphongpham.com\/index.php\/wp-json\/wp\/v2\/product"}],"about":[{"href":"https:\/\/legiavanphongpham.com\/index.php\/wp-json\/wp\/v2\/types\/product"}],"replies":[{"embeddable":true,"href":"https:\/\/legiavanphongpham.com\/index.php\/wp-json\/wp\/v2\/comments?post=18936"}],"wp:featuredmedia":[{"embeddable":true,"href":"https:\/\/legiavanphongpham.com\/index.php\/wp-json\/wp\/v2\/media\/18935"}],"wp:attachment":[{"href":"https:\/\/legiavanphongpham.com\/index.php\/wp-json\/wp\/v2\/media?parent=18936"}],"wp:term":[{"taxonomy":"product_brand","embeddable":true,"href":"https:\/\/legiavanphongpham.com\/index.php\/wp-json\/wp\/v2\/product_brand?post=18936"},{"taxonomy":"product_cat","embeddable":true,"href":"https:\/\/legiavanphongpham.com\/index.php\/wp-json\/wp\/v2\/product_cat?post=18936"},{"taxonomy":"product_tag","embeddable":true,"href":"https:\/\/legiavanphongpham.com\/index.php\/wp-json\/wp\/v2\/product_tag?post=18936"}],"curies":[{"name":"wp","href":"https:\/\/api.w.org\/{rel}","templated":true}]}}