{"id":18940,"date":"2021-10-16T15:05:30","date_gmt":"2021-10-16T08:05:30","guid":{"rendered":"https:\/\/legiavanphongpham.com\/?post_type=product&#038;p=18940"},"modified":"2021-10-16T15:05:30","modified_gmt":"2021-10-16T08:05:30","slug":"dc1340h1","status":"publish","type":"product","link":"https:\/\/legiavanphongpham.com\/index.php\/product\/dc1340h1\/","title":{"rendered":"DC1340H1"},"content":{"rendered":"<p>T\u1ee7 t\u00e0i li\u1ec7u g\u1ed7 s\u01a1n Pu c\u00f3 3 bu\u1ed3ng, ph\u00eda tr\u00ean g\u1ed3m 2 khoang c\u00e1nh k\u00ednh \u0111\u1ec3 t\u00e0i li\u1ec7u v\u00e0 1 khoang treo \u00e1o. Ph\u00eda d\u01b0\u1edbi c\u00f3 3 ng\u0103n k\u00e9o v\u00e0 hai c\u00e1nh g\u1ed7 m\u1edf.<\/p>\n<p>KT: W1350 x D400 x H2000 mm<\/p>\n","protected":false},"excerpt":{"rendered":"<p>T\u1ee7 t\u00e0i li\u1ec7u g\u1ed7 s\u01a1n Pu c\u00f3 3 bu\u1ed3ng, ph\u00eda tr\u00ean g\u1ed3m 2 khoang c\u00e1nh k\u00ednh \u0111\u1ec3 t\u00e0i li\u1ec7u v\u00e0 1 khoang treo \u00e1o. Ph\u00eda d\u01b0\u1edbi c\u00f3 3 ng\u0103n k\u00e9o v\u00e0 hai c\u00e1nh g\u1ed7 m\u1edf. KT: W1350 x D400 x H2000 mm<\/p>\n","protected":false},"featured_media":18941,"comment_status":"open","ping_status":"closed","template":"","meta":[],"product_brand":[],"product_cat":[243],"product_tag":[],"class_list":{"0":"post-18940","1":"product","2":"type-product","3":"status-publish","4":"has-post-thumbnail","6":"product_cat-tu-go-vp","8":"first","9":"instock","10":"shipping-taxable","11":"purchasable","12":"product-type-simple"},"_links":{"self":[{"href":"https:\/\/legiavanphongpham.com\/index.php\/wp-json\/wp\/v2\/product\/18940","targetHints":{"allow":["GET"]}}],"collection":[{"href":"https:\/\/legiavanphongpham.com\/index.php\/wp-json\/wp\/v2\/product"}],"about":[{"href":"https:\/\/legiavanphongpham.com\/index.php\/wp-json\/wp\/v2\/types\/product"}],"replies":[{"embeddable":true,"href":"https:\/\/legiavanphongpham.com\/index.php\/wp-json\/wp\/v2\/comments?post=18940"}],"wp:featuredmedia":[{"embeddable":true,"href":"https:\/\/legiavanphongpham.com\/index.php\/wp-json\/wp\/v2\/media\/18941"}],"wp:attachment":[{"href":"https:\/\/legiavanphongpham.com\/index.php\/wp-json\/wp\/v2\/media?parent=18940"}],"wp:term":[{"taxonomy":"product_brand","embeddable":true,"href":"https:\/\/legiavanphongpham.com\/index.php\/wp-json\/wp\/v2\/product_brand?post=18940"},{"taxonomy":"product_cat","embeddable":true,"href":"https:\/\/legiavanphongpham.com\/index.php\/wp-json\/wp\/v2\/product_cat?post=18940"},{"taxonomy":"product_tag","embeddable":true,"href":"https:\/\/legiavanphongpham.com\/index.php\/wp-json\/wp\/v2\/product_tag?post=18940"}],"curies":[{"name":"wp","href":"https:\/\/api.w.org\/{rel}","templated":true}]}}