{"id":18950,"date":"2021-10-16T15:11:55","date_gmt":"2021-10-16T08:11:55","guid":{"rendered":"https:\/\/legiavanphongpham.com\/?post_type=product&#038;p=18950"},"modified":"2021-10-16T15:11:55","modified_gmt":"2021-10-16T08:11:55","slug":"dc1850h9","status":"publish","type":"product","link":"https:\/\/legiavanphongpham.com\/index.php\/product\/dc1850h9\/","title":{"rendered":"DC1850H9"},"content":{"rendered":"<p>T\u1ee7 t\u00e0i li\u1ec7u g\u1ed7 s\u01a1n Pu g\u1ed3m 4 bu\u1ed3ng, hai bu\u1ed3ng ph\u00eda ngo\u00e0i l\u00e0 khoang c\u00e1nh d\u00e0i treo \u00e1o. Hai bu\u1ed3ng gi\u1eefa ph\u00eda tr\u00ean l\u00e0 khoang c\u00e1nh k\u00ednh c\u00f3 \u0111\u1ee3t \u0111\u1ec3 t\u00e0i li\u1ec7u, ph\u00eda d\u01b0\u1edbi l\u00e0 2 c\u00e1nh g\u1ed7 m\u1edf.<\/p>\n<p>K\u00edch th\u01b0\u1edbc:<\/p>\n<p>DC1850H9:\u00a0 W1850 x D460 x H1875 mm<\/p>\n<p>DC2000H9:\u00a0 W1850 x D460 x H2000 mm<\/p>\n","protected":false},"excerpt":{"rendered":"<p>T\u1ee7 t\u00e0i li\u1ec7u g\u1ed7 s\u01a1n Pu g\u1ed3m 4 bu\u1ed3ng, hai bu\u1ed3ng ph\u00eda ngo\u00e0i l\u00e0 khoang c\u00e1nh d\u00e0i treo \u00e1o. Hai bu\u1ed3ng gi\u1eefa ph\u00eda tr\u00ean l\u00e0 khoang c\u00e1nh k\u00ednh c\u00f3 \u0111\u1ee3t \u0111\u1ec3 t\u00e0i li\u1ec7u, ph\u00eda d\u01b0\u1edbi l\u00e0 2 c\u00e1nh g\u1ed7 m\u1edf. K\u00edch th\u01b0\u1edbc: DC1850H9:\u00a0 W1850 x D460 x H1875 mm DC2000H9:\u00a0 W1850 x D460 x H2000 [&hellip;]<\/p>\n","protected":false},"featured_media":18951,"comment_status":"open","ping_status":"closed","template":"","meta":[],"product_brand":[],"product_cat":[243],"product_tag":[],"class_list":{"0":"post-18950","1":"product","2":"type-product","3":"status-publish","4":"has-post-thumbnail","6":"product_cat-tu-go-vp","8":"first","9":"instock","10":"shipping-taxable","11":"purchasable","12":"product-type-simple"},"_links":{"self":[{"href":"https:\/\/legiavanphongpham.com\/index.php\/wp-json\/wp\/v2\/product\/18950","targetHints":{"allow":["GET"]}}],"collection":[{"href":"https:\/\/legiavanphongpham.com\/index.php\/wp-json\/wp\/v2\/product"}],"about":[{"href":"https:\/\/legiavanphongpham.com\/index.php\/wp-json\/wp\/v2\/types\/product"}],"replies":[{"embeddable":true,"href":"https:\/\/legiavanphongpham.com\/index.php\/wp-json\/wp\/v2\/comments?post=18950"}],"wp:featuredmedia":[{"embeddable":true,"href":"https:\/\/legiavanphongpham.com\/index.php\/wp-json\/wp\/v2\/media\/18951"}],"wp:attachment":[{"href":"https:\/\/legiavanphongpham.com\/index.php\/wp-json\/wp\/v2\/media?parent=18950"}],"wp:term":[{"taxonomy":"product_brand","embeddable":true,"href":"https:\/\/legiavanphongpham.com\/index.php\/wp-json\/wp\/v2\/product_brand?post=18950"},{"taxonomy":"product_cat","embeddable":true,"href":"https:\/\/legiavanphongpham.com\/index.php\/wp-json\/wp\/v2\/product_cat?post=18950"},{"taxonomy":"product_tag","embeddable":true,"href":"https:\/\/legiavanphongpham.com\/index.php\/wp-json\/wp\/v2\/product_tag?post=18950"}],"curies":[{"name":"wp","href":"https:\/\/api.w.org\/{rel}","templated":true}]}}