{"id":18963,"date":"2021-10-16T15:22:14","date_gmt":"2021-10-16T08:22:14","guid":{"rendered":"https:\/\/legiavanphongpham.com\/?post_type=product&#038;p=18963"},"modified":"2021-10-16T15:22:15","modified_gmt":"2021-10-16T08:22:15","slug":"dc1350h12","status":"publish","type":"product","link":"https:\/\/legiavanphongpham.com\/index.php\/product\/dc1350h12\/","title":{"rendered":"DC1350H12"},"content":{"rendered":"<p>T\u1ee7 t\u00e0i li\u1ec7u g\u1ed7 s\u01a1n Pu, ph\u00eda tr\u00ean kh\u00f4ng c\u00e1nh v\u00e0 c\u00f3 \u0111\u1ee3t k\u00ednh trang tr\u00ed. Ph\u00eda d\u01b0\u1edbi l\u00e0 3 khoang c\u00e1ch g\u1ed7 v\u00e0 c\u00f3 \u0111\u1ee3t \u0111\u1ec3 t\u00e0i li\u1ec7u.<\/p>\n<p>KT: W1350 x D450 x H2000 (mm)<\/p>\n","protected":false},"excerpt":{"rendered":"<p>T\u1ee7 t\u00e0i li\u1ec7u g\u1ed7 s\u01a1n Pu, ph\u00eda tr\u00ean kh\u00f4ng c\u00e1nh v\u00e0 c\u00f3 \u0111\u1ee3t k\u00ednh trang tr\u00ed. Ph\u00eda d\u01b0\u1edbi l\u00e0 3 khoang c\u00e1ch g\u1ed7 v\u00e0 c\u00f3 \u0111\u1ee3t \u0111\u1ec3 t\u00e0i li\u1ec7u. KT: W1350 x D450 x H2000 (mm)<\/p>\n","protected":false},"featured_media":18964,"comment_status":"open","ping_status":"closed","template":"","meta":[],"product_brand":[],"product_cat":[243],"product_tag":[],"class_list":{"0":"post-18963","1":"product","2":"type-product","3":"status-publish","4":"has-post-thumbnail","6":"product_cat-tu-go-vp","8":"first","9":"instock","10":"shipping-taxable","11":"purchasable","12":"product-type-simple"},"_links":{"self":[{"href":"https:\/\/legiavanphongpham.com\/index.php\/wp-json\/wp\/v2\/product\/18963","targetHints":{"allow":["GET"]}}],"collection":[{"href":"https:\/\/legiavanphongpham.com\/index.php\/wp-json\/wp\/v2\/product"}],"about":[{"href":"https:\/\/legiavanphongpham.com\/index.php\/wp-json\/wp\/v2\/types\/product"}],"replies":[{"embeddable":true,"href":"https:\/\/legiavanphongpham.com\/index.php\/wp-json\/wp\/v2\/comments?post=18963"}],"wp:featuredmedia":[{"embeddable":true,"href":"https:\/\/legiavanphongpham.com\/index.php\/wp-json\/wp\/v2\/media\/18964"}],"wp:attachment":[{"href":"https:\/\/legiavanphongpham.com\/index.php\/wp-json\/wp\/v2\/media?parent=18963"}],"wp:term":[{"taxonomy":"product_brand","embeddable":true,"href":"https:\/\/legiavanphongpham.com\/index.php\/wp-json\/wp\/v2\/product_brand?post=18963"},{"taxonomy":"product_cat","embeddable":true,"href":"https:\/\/legiavanphongpham.com\/index.php\/wp-json\/wp\/v2\/product_cat?post=18963"},{"taxonomy":"product_tag","embeddable":true,"href":"https:\/\/legiavanphongpham.com\/index.php\/wp-json\/wp\/v2\/product_tag?post=18963"}],"curies":[{"name":"wp","href":"https:\/\/api.w.org\/{rel}","templated":true}]}}