{"id":18966,"date":"2021-10-16T15:23:06","date_gmt":"2021-10-16T08:23:06","guid":{"rendered":"https:\/\/legiavanphongpham.com\/?post_type=product&#038;p=18966"},"modified":"2021-10-16T15:23:06","modified_gmt":"2021-10-16T08:23:06","slug":"dc8040h1","status":"publish","type":"product","link":"https:\/\/legiavanphongpham.com\/index.php\/product\/dc8040h1\/","title":{"rendered":"DC8040H1"},"content":{"rendered":"<p>T\u1ee7 th\u1ea5p \u0111\u1ec3 t\u00e0i li\u1ec7u g\u1ed7 s\u01a1n Pu g\u1ed3m 2 bu\u1ed3ng, c\u00f3 2 khung c\u00e1nh k\u00ednh v\u00e0 c\u00f3 c\u00e1c \u0111\u1ee3t \u0111\u1ec3 \u0111\u1ed3.<\/p>\n<p>KT: W800 x D400 x H800 mm<\/p>\n","protected":false},"excerpt":{"rendered":"<p>T\u1ee7 th\u1ea5p \u0111\u1ec3 t\u00e0i li\u1ec7u g\u1ed7 s\u01a1n Pu g\u1ed3m 2 bu\u1ed3ng, c\u00f3 2 khung c\u00e1nh k\u00ednh v\u00e0 c\u00f3 c\u00e1c \u0111\u1ee3t \u0111\u1ec3 \u0111\u1ed3. KT: W800 x D400 x H800 mm<\/p>\n","protected":false},"featured_media":18967,"comment_status":"open","ping_status":"closed","template":"","meta":[],"product_brand":[],"product_cat":[243],"product_tag":[],"class_list":{"0":"post-18966","1":"product","2":"type-product","3":"status-publish","4":"has-post-thumbnail","6":"product_cat-tu-go-vp","8":"first","9":"instock","10":"shipping-taxable","11":"purchasable","12":"product-type-simple"},"_links":{"self":[{"href":"https:\/\/legiavanphongpham.com\/index.php\/wp-json\/wp\/v2\/product\/18966","targetHints":{"allow":["GET"]}}],"collection":[{"href":"https:\/\/legiavanphongpham.com\/index.php\/wp-json\/wp\/v2\/product"}],"about":[{"href":"https:\/\/legiavanphongpham.com\/index.php\/wp-json\/wp\/v2\/types\/product"}],"replies":[{"embeddable":true,"href":"https:\/\/legiavanphongpham.com\/index.php\/wp-json\/wp\/v2\/comments?post=18966"}],"wp:featuredmedia":[{"embeddable":true,"href":"https:\/\/legiavanphongpham.com\/index.php\/wp-json\/wp\/v2\/media\/18967"}],"wp:attachment":[{"href":"https:\/\/legiavanphongpham.com\/index.php\/wp-json\/wp\/v2\/media?parent=18966"}],"wp:term":[{"taxonomy":"product_brand","embeddable":true,"href":"https:\/\/legiavanphongpham.com\/index.php\/wp-json\/wp\/v2\/product_brand?post=18966"},{"taxonomy":"product_cat","embeddable":true,"href":"https:\/\/legiavanphongpham.com\/index.php\/wp-json\/wp\/v2\/product_cat?post=18966"},{"taxonomy":"product_tag","embeddable":true,"href":"https:\/\/legiavanphongpham.com\/index.php\/wp-json\/wp\/v2\/product_tag?post=18966"}],"curies":[{"name":"wp","href":"https:\/\/api.w.org\/{rel}","templated":true}]}}