{"id":18974,"date":"2021-10-16T15:41:10","date_gmt":"2021-10-16T08:41:10","guid":{"rendered":"https:\/\/legiavanphongpham.com\/?post_type=product&#038;p=18974"},"modified":"2021-10-16T15:41:10","modified_gmt":"2021-10-16T08:41:10","slug":"sv-1960d","status":"publish","type":"product","link":"https:\/\/legiavanphongpham.com\/index.php\/product\/sv-1960d\/","title":{"rendered":"SV 1960D"},"content":{"rendered":"<p>T\u1ee7 g\u1ed7 melamine c\u00f3 2 c\u00e1nh g\u1ed7 m\u1edf, b\u00ean trong c\u00f3 3 \u0111\u1ee3t di \u0111\u1ed9ng v\u00e0 1 \u0111\u1ee3t c\u1ed1 \u0111\u1ecbnh.<\/p>\n<p>KT: W800 x D400 x H1960 mm<\/p>\n","protected":false},"excerpt":{"rendered":"<p>T\u1ee7 g\u1ed7 melamine c\u00f3 2 c\u00e1nh g\u1ed7 m\u1edf, b\u00ean trong c\u00f3 3 \u0111\u1ee3t di \u0111\u1ed9ng v\u00e0 1 \u0111\u1ee3t c\u1ed1 \u0111\u1ecbnh. KT: W800 x D400 x H1960 mm<\/p>\n","protected":false},"featured_media":18978,"comment_status":"open","ping_status":"closed","template":"","meta":[],"product_brand":[],"product_cat":[244],"product_tag":[],"class_list":{"0":"post-18974","1":"product","2":"type-product","3":"status-publish","4":"has-post-thumbnail","6":"product_cat-tu-gd-vp","8":"first","9":"instock","10":"shipping-taxable","11":"purchasable","12":"product-type-simple"},"_links":{"self":[{"href":"https:\/\/legiavanphongpham.com\/index.php\/wp-json\/wp\/v2\/product\/18974","targetHints":{"allow":["GET"]}}],"collection":[{"href":"https:\/\/legiavanphongpham.com\/index.php\/wp-json\/wp\/v2\/product"}],"about":[{"href":"https:\/\/legiavanphongpham.com\/index.php\/wp-json\/wp\/v2\/types\/product"}],"replies":[{"embeddable":true,"href":"https:\/\/legiavanphongpham.com\/index.php\/wp-json\/wp\/v2\/comments?post=18974"}],"wp:featuredmedia":[{"embeddable":true,"href":"https:\/\/legiavanphongpham.com\/index.php\/wp-json\/wp\/v2\/media\/18978"}],"wp:attachment":[{"href":"https:\/\/legiavanphongpham.com\/index.php\/wp-json\/wp\/v2\/media?parent=18974"}],"wp:term":[{"taxonomy":"product_brand","embeddable":true,"href":"https:\/\/legiavanphongpham.com\/index.php\/wp-json\/wp\/v2\/product_brand?post=18974"},{"taxonomy":"product_cat","embeddable":true,"href":"https:\/\/legiavanphongpham.com\/index.php\/wp-json\/wp\/v2\/product_cat?post=18974"},{"taxonomy":"product_tag","embeddable":true,"href":"https:\/\/legiavanphongpham.com\/index.php\/wp-json\/wp\/v2\/product_tag?post=18974"}],"curies":[{"name":"wp","href":"https:\/\/api.w.org\/{rel}","templated":true}]}}