{"id":18983,"date":"2021-10-16T15:44:16","date_gmt":"2021-10-16T08:44:16","guid":{"rendered":"https:\/\/legiavanphongpham.com\/?post_type=product&#038;p=18983"},"modified":"2021-10-16T15:44:17","modified_gmt":"2021-10-16T08:44:17","slug":"sv1960-3g4d","status":"publish","type":"product","link":"https:\/\/legiavanphongpham.com\/index.php\/product\/sv1960-3g4d\/","title":{"rendered":"SV1960-3G4D"},"content":{"rendered":"<p>T\u1ee7 g\u1ed7 melamine \u0111\u1ec3 t\u00e0i li\u1ec7u ph\u00eda tr\u00ean c\u00f3 c\u00e1nh k\u00ednh, ph\u00eda d\u01b0\u1edbi c\u00f3 2 c\u00e1nh g\u1ed7 m\u1edf v\u00e0 c\u00e1c ng\u0103n k\u00e9o.<\/p>\n<p>KT: W1200 x D400 x H1960 mm<\/p>\n","protected":false},"excerpt":{"rendered":"<p>T\u1ee7 g\u1ed7 melamine \u0111\u1ec3 t\u00e0i li\u1ec7u ph\u00eda tr\u00ean c\u00f3 c\u00e1nh k\u00ednh, ph\u00eda d\u01b0\u1edbi c\u00f3 2 c\u00e1nh g\u1ed7 m\u1edf v\u00e0 c\u00e1c ng\u0103n k\u00e9o. KT: W1200 x D400 x H1960 mm<\/p>\n","protected":false},"featured_media":18977,"comment_status":"open","ping_status":"closed","template":"","meta":[],"product_brand":[],"product_cat":[244],"product_tag":[],"class_list":{"0":"post-18983","1":"product","2":"type-product","3":"status-publish","4":"has-post-thumbnail","6":"product_cat-tu-gd-vp","8":"first","9":"instock","10":"shipping-taxable","11":"purchasable","12":"product-type-simple"},"_links":{"self":[{"href":"https:\/\/legiavanphongpham.com\/index.php\/wp-json\/wp\/v2\/product\/18983","targetHints":{"allow":["GET"]}}],"collection":[{"href":"https:\/\/legiavanphongpham.com\/index.php\/wp-json\/wp\/v2\/product"}],"about":[{"href":"https:\/\/legiavanphongpham.com\/index.php\/wp-json\/wp\/v2\/types\/product"}],"replies":[{"embeddable":true,"href":"https:\/\/legiavanphongpham.com\/index.php\/wp-json\/wp\/v2\/comments?post=18983"}],"wp:featuredmedia":[{"embeddable":true,"href":"https:\/\/legiavanphongpham.com\/index.php\/wp-json\/wp\/v2\/media\/18977"}],"wp:attachment":[{"href":"https:\/\/legiavanphongpham.com\/index.php\/wp-json\/wp\/v2\/media?parent=18983"}],"wp:term":[{"taxonomy":"product_brand","embeddable":true,"href":"https:\/\/legiavanphongpham.com\/index.php\/wp-json\/wp\/v2\/product_brand?post=18983"},{"taxonomy":"product_cat","embeddable":true,"href":"https:\/\/legiavanphongpham.com\/index.php\/wp-json\/wp\/v2\/product_cat?post=18983"},{"taxonomy":"product_tag","embeddable":true,"href":"https:\/\/legiavanphongpham.com\/index.php\/wp-json\/wp\/v2\/product_tag?post=18983"}],"curies":[{"name":"wp","href":"https:\/\/api.w.org\/{rel}","templated":true}]}}