{"id":18984,"date":"2021-10-16T15:45:03","date_gmt":"2021-10-16T08:45:03","guid":{"rendered":"https:\/\/legiavanphongpham.com\/?post_type=product&#038;p=18984"},"modified":"2021-10-16T15:45:03","modified_gmt":"2021-10-16T08:45:03","slug":"sv1960-3bk","status":"publish","type":"product","link":"https:\/\/legiavanphongpham.com\/index.php\/product\/sv1960-3bk\/","title":{"rendered":"SV1960-3BK"},"content":{"rendered":"<p>T\u1ee7 t\u00e0i li\u1ec7u 3 bu\u1ed3ng s\u1eed d\u1ee5ng g\u1ed7 c\u00f4ng nghi\u1ec7p Melamine.<\/p>\n<p>G\u1ed3m 1 bu\u1ed3ng c\u00e1nh m\u1edf d\u00e0i, 2 bu\u1ed3ng c\u00f2n l\u1ea1i ph\u00eda tr\u00ean l\u00e0 khung c\u00e1nh k\u00ednh m\u1edf, ph\u00eda d\u01b0\u1edbi hai c\u00e1nh g\u1ed7 m\u1edf.<\/p>\n<p>KT: W1200 x D400 x H1960 (mm)<\/p>\n","protected":false},"excerpt":{"rendered":"<p>T\u1ee7 t\u00e0i li\u1ec7u 3 bu\u1ed3ng s\u1eed d\u1ee5ng g\u1ed7 c\u00f4ng nghi\u1ec7p Melamine. G\u1ed3m 1 bu\u1ed3ng c\u00e1nh m\u1edf d\u00e0i, 2 bu\u1ed3ng c\u00f2n l\u1ea1i ph\u00eda tr\u00ean l\u00e0 khung c\u00e1nh k\u00ednh m\u1edf, ph\u00eda d\u01b0\u1edbi hai c\u00e1nh g\u1ed7 m\u1edf. KT: W1200 x D400 x H1960 (mm)<\/p>\n","protected":false},"featured_media":18976,"comment_status":"open","ping_status":"closed","template":"","meta":[],"product_brand":[],"product_cat":[244],"product_tag":[],"class_list":{"0":"post-18984","1":"product","2":"type-product","3":"status-publish","4":"has-post-thumbnail","6":"product_cat-tu-gd-vp","8":"first","9":"instock","10":"shipping-taxable","11":"purchasable","12":"product-type-simple"},"_links":{"self":[{"href":"https:\/\/legiavanphongpham.com\/index.php\/wp-json\/wp\/v2\/product\/18984","targetHints":{"allow":["GET"]}}],"collection":[{"href":"https:\/\/legiavanphongpham.com\/index.php\/wp-json\/wp\/v2\/product"}],"about":[{"href":"https:\/\/legiavanphongpham.com\/index.php\/wp-json\/wp\/v2\/types\/product"}],"replies":[{"embeddable":true,"href":"https:\/\/legiavanphongpham.com\/index.php\/wp-json\/wp\/v2\/comments?post=18984"}],"wp:featuredmedia":[{"embeddable":true,"href":"https:\/\/legiavanphongpham.com\/index.php\/wp-json\/wp\/v2\/media\/18976"}],"wp:attachment":[{"href":"https:\/\/legiavanphongpham.com\/index.php\/wp-json\/wp\/v2\/media?parent=18984"}],"wp:term":[{"taxonomy":"product_brand","embeddable":true,"href":"https:\/\/legiavanphongpham.com\/index.php\/wp-json\/wp\/v2\/product_brand?post=18984"},{"taxonomy":"product_cat","embeddable":true,"href":"https:\/\/legiavanphongpham.com\/index.php\/wp-json\/wp\/v2\/product_cat?post=18984"},{"taxonomy":"product_tag","embeddable":true,"href":"https:\/\/legiavanphongpham.com\/index.php\/wp-json\/wp\/v2\/product_tag?post=18984"}],"curies":[{"name":"wp","href":"https:\/\/api.w.org\/{rel}","templated":true}]}}