{"id":18985,"date":"2021-10-16T15:45:28","date_gmt":"2021-10-16T08:45:28","guid":{"rendered":"https:\/\/legiavanphongpham.com\/?post_type=product&#038;p=18985"},"modified":"2021-10-16T15:46:38","modified_gmt":"2021-10-16T08:46:38","slug":"sv1960kg","status":"publish","type":"product","link":"https:\/\/legiavanphongpham.com\/index.php\/product\/sv1960kg\/","title":{"rendered":"SV1960KG"},"content":{"rendered":"<p>T\u1ee7 g\u1ed7 2 bu\u1ed3ng \u0111\u1ec3 t\u00e0i li\u1ec7u, ph\u00eda tr\u00ean l\u00e0 2 khoang c\u00e1nh k\u00ednh v\u00e0 ph\u00eda d\u01b0\u1edbi l\u00e0 2 khoang c\u00e1nh g\u1ed7 m\u1edf.<\/p>\n<p>KT: W800 x D400 x H1960 mm<\/p>\n","protected":false},"excerpt":{"rendered":"<p>T\u1ee7 g\u1ed7 2 bu\u1ed3ng \u0111\u1ec3 t\u00e0i li\u1ec7u, ph\u00eda tr\u00ean l\u00e0 2 khoang c\u00e1nh k\u00ednh v\u00e0 ph\u00eda d\u01b0\u1edbi l\u00e0 2 khoang c\u00e1nh g\u1ed7 m\u1edf. KT: W800 x D400 x H1960 mm<\/p>\n","protected":false},"featured_media":18980,"comment_status":"open","ping_status":"closed","template":"","meta":[],"product_brand":[],"product_cat":[244],"product_tag":[],"class_list":{"0":"post-18985","1":"product","2":"type-product","3":"status-publish","4":"has-post-thumbnail","6":"product_cat-tu-gd-vp","8":"first","9":"instock","10":"shipping-taxable","11":"purchasable","12":"product-type-simple"},"_links":{"self":[{"href":"https:\/\/legiavanphongpham.com\/index.php\/wp-json\/wp\/v2\/product\/18985","targetHints":{"allow":["GET"]}}],"collection":[{"href":"https:\/\/legiavanphongpham.com\/index.php\/wp-json\/wp\/v2\/product"}],"about":[{"href":"https:\/\/legiavanphongpham.com\/index.php\/wp-json\/wp\/v2\/types\/product"}],"replies":[{"embeddable":true,"href":"https:\/\/legiavanphongpham.com\/index.php\/wp-json\/wp\/v2\/comments?post=18985"}],"wp:featuredmedia":[{"embeddable":true,"href":"https:\/\/legiavanphongpham.com\/index.php\/wp-json\/wp\/v2\/media\/18980"}],"wp:attachment":[{"href":"https:\/\/legiavanphongpham.com\/index.php\/wp-json\/wp\/v2\/media?parent=18985"}],"wp:term":[{"taxonomy":"product_brand","embeddable":true,"href":"https:\/\/legiavanphongpham.com\/index.php\/wp-json\/wp\/v2\/product_brand?post=18985"},{"taxonomy":"product_cat","embeddable":true,"href":"https:\/\/legiavanphongpham.com\/index.php\/wp-json\/wp\/v2\/product_cat?post=18985"},{"taxonomy":"product_tag","embeddable":true,"href":"https:\/\/legiavanphongpham.com\/index.php\/wp-json\/wp\/v2\/product_tag?post=18985"}],"curies":[{"name":"wp","href":"https:\/\/api.w.org\/{rel}","templated":true}]}}