{"id":18987,"date":"2021-10-19T09:37:24","date_gmt":"2021-10-19T02:37:24","guid":{"rendered":"https:\/\/legiavanphongpham.com\/?post_type=product&#038;p=18987"},"modified":"2024-07-02T04:10:23","modified_gmt":"2024-07-01T21:10:23","slug":"tu09k3ck-2","status":"publish","type":"product","link":"https:\/\/legiavanphongpham.com\/index.php\/product\/tu09k3ck-2\/","title":{"rendered":"TU09K3CK"},"content":{"rendered":"<p>T\u1ee7 s\u1eaft s\u01a1n t\u0129nh \u0111i\u1ec7n 2 khoang: Khoang tr\u00ean c\u00f3 2 \u0111\u1ee3t di \u0111\u1ed9ng v\u00e0 khung c\u00e1nh k\u00ednh m\u1edf. Khoang d\u01b0\u1edbi c\u00f3 2 c\u00e1nh s\u1eaft m\u1edf.<\/p>\n<p>KT: W1000 x D450 x H1830 mm<\/p>\n","protected":false},"excerpt":{"rendered":"<p>T\u1ee7 s\u1eaft s\u01a1n t\u0129nh \u0111i\u1ec7n 2 khoang: Khoang tr\u00ean c\u00f3 2 \u0111\u1ee3t di \u0111\u1ed9ng v\u00e0 khung c\u00e1nh k\u00ednh m\u1edf. Khoang d\u01b0\u1edbi c\u00f3 2 c\u00e1nh s\u1eaft m\u1edf. KT: W1000 x D450 x H1830 mm<\/p>\n","protected":false},"featured_media":18988,"comment_status":"open","ping_status":"closed","template":"","meta":[],"product_brand":[],"product_cat":[242],"product_tag":[],"class_list":{"0":"post-18987","1":"product","2":"type-product","3":"status-publish","4":"has-post-thumbnail","6":"product_cat-tu-locker","8":"first","9":"instock","10":"shipping-taxable","11":"purchasable","12":"product-type-simple"},"_links":{"self":[{"href":"https:\/\/legiavanphongpham.com\/index.php\/wp-json\/wp\/v2\/product\/18987","targetHints":{"allow":["GET"]}}],"collection":[{"href":"https:\/\/legiavanphongpham.com\/index.php\/wp-json\/wp\/v2\/product"}],"about":[{"href":"https:\/\/legiavanphongpham.com\/index.php\/wp-json\/wp\/v2\/types\/product"}],"replies":[{"embeddable":true,"href":"https:\/\/legiavanphongpham.com\/index.php\/wp-json\/wp\/v2\/comments?post=18987"}],"wp:featuredmedia":[{"embeddable":true,"href":"https:\/\/legiavanphongpham.com\/index.php\/wp-json\/wp\/v2\/media\/18988"}],"wp:attachment":[{"href":"https:\/\/legiavanphongpham.com\/index.php\/wp-json\/wp\/v2\/media?parent=18987"}],"wp:term":[{"taxonomy":"product_brand","embeddable":true,"href":"https:\/\/legiavanphongpham.com\/index.php\/wp-json\/wp\/v2\/product_brand?post=18987"},{"taxonomy":"product_cat","embeddable":true,"href":"https:\/\/legiavanphongpham.com\/index.php\/wp-json\/wp\/v2\/product_cat?post=18987"},{"taxonomy":"product_tag","embeddable":true,"href":"https:\/\/legiavanphongpham.com\/index.php\/wp-json\/wp\/v2\/product_tag?post=18987"}],"curies":[{"name":"wp","href":"https:\/\/api.w.org\/{rel}","templated":true}]}}