{"id":19009,"date":"2021-10-19T09:54:17","date_gmt":"2021-10-19T02:54:17","guid":{"rendered":"https:\/\/legiavanphongpham.com\/?post_type=product&#038;p=19009"},"modified":"2021-10-19T09:54:17","modified_gmt":"2021-10-19T02:54:17","slug":"tu09k5ck","status":"publish","type":"product","link":"https:\/\/legiavanphongpham.com\/index.php\/product\/tu09k5ck\/","title":{"rendered":"TU09K5CK"},"content":{"rendered":"<p>T\u1ee7 s\u1eaft s\u01a1n t\u0129nh \u0111i\u1ec7n g\u1ed3m 3 khoang: 1 khoang c\u00e1nh k\u00ednh c\u00f3 2 \u0111\u1ee3t di \u0111\u1ed9ng, 1 khoang g\u1ed3m 2 c\u00e1nh s\u1eaft m\u1edf, 1 khoang c\u00e1nh s\u1eaft d\u00e0i b\u00ean trong c\u00f3 1 su\u1ed1t treo qu\u1ea7n \u00e1o, 1 \u0111\u1ee3t c\u1ed1 \u0111\u1ecbnh.<\/p>\n<p>KT : W1350 x D450 x H1830 mm<\/p>\n","protected":false},"excerpt":{"rendered":"<p>T\u1ee7 s\u1eaft s\u01a1n t\u0129nh \u0111i\u1ec7n g\u1ed3m 3 khoang: 1 khoang c\u00e1nh k\u00ednh c\u00f3 2 \u0111\u1ee3t di \u0111\u1ed9ng, 1 khoang g\u1ed3m 2 c\u00e1nh s\u1eaft m\u1edf, 1 khoang c\u00e1nh s\u1eaft d\u00e0i b\u00ean trong c\u00f3 1 su\u1ed1t treo qu\u1ea7n \u00e1o, 1 \u0111\u1ee3t c\u1ed1 \u0111\u1ecbnh. KT : W1350 x D450 x H1830 mm<\/p>\n","protected":false},"featured_media":19010,"comment_status":"open","ping_status":"closed","template":"","meta":[],"product_brand":[],"product_cat":[242],"product_tag":[],"class_list":{"0":"post-19009","1":"product","2":"type-product","3":"status-publish","4":"has-post-thumbnail","6":"product_cat-tu-locker","8":"first","9":"instock","10":"shipping-taxable","11":"purchasable","12":"product-type-simple"},"_links":{"self":[{"href":"https:\/\/legiavanphongpham.com\/index.php\/wp-json\/wp\/v2\/product\/19009","targetHints":{"allow":["GET"]}}],"collection":[{"href":"https:\/\/legiavanphongpham.com\/index.php\/wp-json\/wp\/v2\/product"}],"about":[{"href":"https:\/\/legiavanphongpham.com\/index.php\/wp-json\/wp\/v2\/types\/product"}],"replies":[{"embeddable":true,"href":"https:\/\/legiavanphongpham.com\/index.php\/wp-json\/wp\/v2\/comments?post=19009"}],"wp:featuredmedia":[{"embeddable":true,"href":"https:\/\/legiavanphongpham.com\/index.php\/wp-json\/wp\/v2\/media\/19010"}],"wp:attachment":[{"href":"https:\/\/legiavanphongpham.com\/index.php\/wp-json\/wp\/v2\/media?parent=19009"}],"wp:term":[{"taxonomy":"product_brand","embeddable":true,"href":"https:\/\/legiavanphongpham.com\/index.php\/wp-json\/wp\/v2\/product_brand?post=19009"},{"taxonomy":"product_cat","embeddable":true,"href":"https:\/\/legiavanphongpham.com\/index.php\/wp-json\/wp\/v2\/product_cat?post=19009"},{"taxonomy":"product_tag","embeddable":true,"href":"https:\/\/legiavanphongpham.com\/index.php\/wp-json\/wp\/v2\/product_tag?post=19009"}],"curies":[{"name":"wp","href":"https:\/\/api.w.org\/{rel}","templated":true}]}}