{"id":19012,"date":"2021-10-19T09:55:41","date_gmt":"2021-10-19T02:55:41","guid":{"rendered":"https:\/\/legiavanphongpham.com\/?post_type=product&#038;p=19012"},"modified":"2021-10-19T09:55:41","modified_gmt":"2021-10-19T02:55:41","slug":"tu09k7ck","status":"publish","type":"product","link":"https:\/\/legiavanphongpham.com\/index.php\/product\/tu09k7ck\/","title":{"rendered":"TU09K7CK"},"content":{"rendered":"<p>T\u1ee7 s\u1eaft \u0111\u1ec3 t\u00e0i li\u1ec7u s\u01a1n t\u0129nh \u0111i\u1ec7n g\u1ed3m 6 khoang.<\/p>\n<p>B\u00ean tr\u00ean l\u00e0 3 c\u00e1nh k\u00ednh, b\u00ean d\u01b0\u1edbi 3 c\u00e1nh s\u1eaft.<\/p>\n<p>KT : W1380 x D450 x H1830 mm<\/p>\n","protected":false},"excerpt":{"rendered":"<p>T\u1ee7 s\u1eaft \u0111\u1ec3 t\u00e0i li\u1ec7u s\u01a1n t\u0129nh \u0111i\u1ec7n g\u1ed3m 6 khoang. B\u00ean tr\u00ean l\u00e0 3 c\u00e1nh k\u00ednh, b\u00ean d\u01b0\u1edbi 3 c\u00e1nh s\u1eaft. KT : W1380 x D450 x H1830 mm<\/p>\n","protected":false},"featured_media":19013,"comment_status":"open","ping_status":"closed","template":"","meta":[],"product_brand":[],"product_cat":[242],"product_tag":[],"class_list":{"0":"post-19012","1":"product","2":"type-product","3":"status-publish","4":"has-post-thumbnail","6":"product_cat-tu-locker","8":"first","9":"instock","10":"shipping-taxable","11":"purchasable","12":"product-type-simple"},"_links":{"self":[{"href":"https:\/\/legiavanphongpham.com\/index.php\/wp-json\/wp\/v2\/product\/19012","targetHints":{"allow":["GET"]}}],"collection":[{"href":"https:\/\/legiavanphongpham.com\/index.php\/wp-json\/wp\/v2\/product"}],"about":[{"href":"https:\/\/legiavanphongpham.com\/index.php\/wp-json\/wp\/v2\/types\/product"}],"replies":[{"embeddable":true,"href":"https:\/\/legiavanphongpham.com\/index.php\/wp-json\/wp\/v2\/comments?post=19012"}],"wp:featuredmedia":[{"embeddable":true,"href":"https:\/\/legiavanphongpham.com\/index.php\/wp-json\/wp\/v2\/media\/19013"}],"wp:attachment":[{"href":"https:\/\/legiavanphongpham.com\/index.php\/wp-json\/wp\/v2\/media?parent=19012"}],"wp:term":[{"taxonomy":"product_brand","embeddable":true,"href":"https:\/\/legiavanphongpham.com\/index.php\/wp-json\/wp\/v2\/product_brand?post=19012"},{"taxonomy":"product_cat","embeddable":true,"href":"https:\/\/legiavanphongpham.com\/index.php\/wp-json\/wp\/v2\/product_cat?post=19012"},{"taxonomy":"product_tag","embeddable":true,"href":"https:\/\/legiavanphongpham.com\/index.php\/wp-json\/wp\/v2\/product_tag?post=19012"}],"curies":[{"name":"wp","href":"https:\/\/api.w.org\/{rel}","templated":true}]}}