{"id":19023,"date":"2021-10-19T10:21:50","date_gmt":"2021-10-19T03:21:50","guid":{"rendered":"https:\/\/legiavanphongpham.com\/?post_type=product&#038;p=19023"},"modified":"2021-10-19T10:21:50","modified_gmt":"2021-10-19T03:21:50","slug":"tu118s","status":"publish","type":"product","link":"https:\/\/legiavanphongpham.com\/index.php\/product\/tu118s\/","title":{"rendered":"TU118S"},"content":{"rendered":"<p>T\u1ee7 s\u1eaft s\u01a1n t\u0129nh \u0111i\u1ec7n 1 khoang v\u00e0 c\u00f3 2 \u0111\u1ee3t di \u0111\u1ed9ng, s\u1eed d\u1ee5ng 2 c\u00e1nh th\u00e9p l\u00f9a.<\/p>\n<p>KT: W1180 x D407 x H915 mm<\/p>\n","protected":false},"excerpt":{"rendered":"<p>T\u1ee7 s\u1eaft s\u01a1n t\u0129nh \u0111i\u1ec7n 1 khoang v\u00e0 c\u00f3 2 \u0111\u1ee3t di \u0111\u1ed9ng, s\u1eed d\u1ee5ng 2 c\u00e1nh th\u00e9p l\u00f9a. KT: W1180 x D407 x H915 mm<\/p>\n","protected":false},"featured_media":19022,"comment_status":"open","ping_status":"closed","template":"","meta":[],"product_brand":[],"product_cat":[242],"product_tag":[],"class_list":{"0":"post-19023","1":"product","2":"type-product","3":"status-publish","4":"has-post-thumbnail","6":"product_cat-tu-locker","8":"first","9":"instock","10":"shipping-taxable","11":"purchasable","12":"product-type-simple"},"_links":{"self":[{"href":"https:\/\/legiavanphongpham.com\/index.php\/wp-json\/wp\/v2\/product\/19023","targetHints":{"allow":["GET"]}}],"collection":[{"href":"https:\/\/legiavanphongpham.com\/index.php\/wp-json\/wp\/v2\/product"}],"about":[{"href":"https:\/\/legiavanphongpham.com\/index.php\/wp-json\/wp\/v2\/types\/product"}],"replies":[{"embeddable":true,"href":"https:\/\/legiavanphongpham.com\/index.php\/wp-json\/wp\/v2\/comments?post=19023"}],"wp:featuredmedia":[{"embeddable":true,"href":"https:\/\/legiavanphongpham.com\/index.php\/wp-json\/wp\/v2\/media\/19022"}],"wp:attachment":[{"href":"https:\/\/legiavanphongpham.com\/index.php\/wp-json\/wp\/v2\/media?parent=19023"}],"wp:term":[{"taxonomy":"product_brand","embeddable":true,"href":"https:\/\/legiavanphongpham.com\/index.php\/wp-json\/wp\/v2\/product_brand?post=19023"},{"taxonomy":"product_cat","embeddable":true,"href":"https:\/\/legiavanphongpham.com\/index.php\/wp-json\/wp\/v2\/product_cat?post=19023"},{"taxonomy":"product_tag","embeddable":true,"href":"https:\/\/legiavanphongpham.com\/index.php\/wp-json\/wp\/v2\/product_tag?post=19023"}],"curies":[{"name":"wp","href":"https:\/\/api.w.org\/{rel}","templated":true}]}}