{"id":19026,"date":"2021-10-19T10:24:52","date_gmt":"2021-10-19T03:24:52","guid":{"rendered":"https:\/\/legiavanphongpham.com\/?post_type=product&#038;p=19026"},"modified":"2021-10-19T10:24:52","modified_gmt":"2021-10-19T03:24:52","slug":"tu88-7d-2","status":"publish","type":"product","link":"https:\/\/legiavanphongpham.com\/index.php\/product\/tu88-7d-2\/","title":{"rendered":"TU88-7D"},"content":{"rendered":"<p>T\u1ee7 s\u1eaft s\u01a1n t\u0129nh \u0111i\u1ec7n 2 khoang: Khoang c\u00e1nh s\u1eaft m\u1edf c\u00f3 1 kh\u00f3a m\u00e3, b\u00ean trong co\u0301 2 \u0111\u1ee3t di \u0111\u1ed9ng. Khoang 7 ng\u0103n k\u00e9o s\u1eed d\u1ee5ng chung 1 thanh kh\u00f3a d\u00e0n.<\/p>\n<p>KT: W880 x D407 x H915 mm<\/p>\n","protected":false},"excerpt":{"rendered":"<p>T\u1ee7 s\u1eaft s\u01a1n t\u0129nh \u0111i\u1ec7n 2 khoang: Khoang c\u00e1nh s\u1eaft m\u1edf c\u00f3 1 kh\u00f3a m\u00e3, b\u00ean trong co\u0301 2 \u0111\u1ee3t di \u0111\u1ed9ng. Khoang 7 ng\u0103n k\u00e9o s\u1eed d\u1ee5ng chung 1 thanh kh\u00f3a d\u00e0n. KT: W880 x D407 x H915 mm<\/p>\n","protected":false},"featured_media":19028,"comment_status":"open","ping_status":"closed","template":"","meta":[],"product_brand":[],"product_cat":[242],"product_tag":[],"class_list":{"0":"post-19026","1":"product","2":"type-product","3":"status-publish","4":"has-post-thumbnail","6":"product_cat-tu-locker","8":"first","9":"instock","10":"shipping-taxable","11":"purchasable","12":"product-type-simple"},"_links":{"self":[{"href":"https:\/\/legiavanphongpham.com\/index.php\/wp-json\/wp\/v2\/product\/19026","targetHints":{"allow":["GET"]}}],"collection":[{"href":"https:\/\/legiavanphongpham.com\/index.php\/wp-json\/wp\/v2\/product"}],"about":[{"href":"https:\/\/legiavanphongpham.com\/index.php\/wp-json\/wp\/v2\/types\/product"}],"replies":[{"embeddable":true,"href":"https:\/\/legiavanphongpham.com\/index.php\/wp-json\/wp\/v2\/comments?post=19026"}],"wp:featuredmedia":[{"embeddable":true,"href":"https:\/\/legiavanphongpham.com\/index.php\/wp-json\/wp\/v2\/media\/19028"}],"wp:attachment":[{"href":"https:\/\/legiavanphongpham.com\/index.php\/wp-json\/wp\/v2\/media?parent=19026"}],"wp:term":[{"taxonomy":"product_brand","embeddable":true,"href":"https:\/\/legiavanphongpham.com\/index.php\/wp-json\/wp\/v2\/product_brand?post=19026"},{"taxonomy":"product_cat","embeddable":true,"href":"https:\/\/legiavanphongpham.com\/index.php\/wp-json\/wp\/v2\/product_cat?post=19026"},{"taxonomy":"product_tag","embeddable":true,"href":"https:\/\/legiavanphongpham.com\/index.php\/wp-json\/wp\/v2\/product_tag?post=19026"}],"curies":[{"name":"wp","href":"https:\/\/api.w.org\/{rel}","templated":true}]}}