{"id":19031,"date":"2021-10-19T13:59:54","date_gmt":"2021-10-19T06:59:54","guid":{"rendered":"https:\/\/legiavanphongpham.com\/?post_type=product&#038;p=19031"},"modified":"2021-10-29T15:54:31","modified_gmt":"2021-10-29T08:54:31","slug":"tu09k2b","status":"publish","type":"product","link":"https:\/\/legiavanphongpham.com\/index.php\/product\/tu09k2b\/","title":{"rendered":"TU09K2B"},"content":{"rendered":"<p>T\u1ee7 s\u1eaft th\u00e9p d\u00e0y g\u1ed3m 2 khoang, m\u1ed7i khoang c\u00f3 3 \u0111\u1ee3t c\u1ed1 \u0111\u1ecbnh.<\/p>\n<p>C\u00e1nh t\u1ee7 c\u00f3 tay n\u1eafm v\u00e0 \u1ed5 kh\u00f3a ch\u00eca ri\u00eang bi\u1ec7t.<\/p>\n<p>KT: W1000 x \u00a0D450 x H1900 mm<\/p>\n","protected":false},"excerpt":{"rendered":"<p>T\u1ee7 s\u1eaft th\u00e9p d\u00e0y g\u1ed3m 2 khoang, m\u1ed7i khoang c\u00f3 3 \u0111\u1ee3t c\u1ed1 \u0111\u1ecbnh. C\u00e1nh t\u1ee7 c\u00f3 tay n\u1eafm v\u00e0 \u1ed5 kh\u00f3a ch\u00eca ri\u00eang bi\u1ec7t. KT: W1000 x \u00a0D450 x H1900 mm<\/p>\n","protected":false},"featured_media":19032,"comment_status":"open","ping_status":"closed","template":"","meta":[],"product_brand":[],"product_cat":[245],"product_tag":[],"class_list":{"0":"post-19031","1":"product","2":"type-product","3":"status-publish","4":"has-post-thumbnail","6":"product_cat-tu-ton-vp","8":"first","9":"instock","10":"shipping-taxable","11":"purchasable","12":"product-type-simple"},"_links":{"self":[{"href":"https:\/\/legiavanphongpham.com\/index.php\/wp-json\/wp\/v2\/product\/19031","targetHints":{"allow":["GET"]}}],"collection":[{"href":"https:\/\/legiavanphongpham.com\/index.php\/wp-json\/wp\/v2\/product"}],"about":[{"href":"https:\/\/legiavanphongpham.com\/index.php\/wp-json\/wp\/v2\/types\/product"}],"replies":[{"embeddable":true,"href":"https:\/\/legiavanphongpham.com\/index.php\/wp-json\/wp\/v2\/comments?post=19031"}],"wp:featuredmedia":[{"embeddable":true,"href":"https:\/\/legiavanphongpham.com\/index.php\/wp-json\/wp\/v2\/media\/19032"}],"wp:attachment":[{"href":"https:\/\/legiavanphongpham.com\/index.php\/wp-json\/wp\/v2\/media?parent=19031"}],"wp:term":[{"taxonomy":"product_brand","embeddable":true,"href":"https:\/\/legiavanphongpham.com\/index.php\/wp-json\/wp\/v2\/product_brand?post=19031"},{"taxonomy":"product_cat","embeddable":true,"href":"https:\/\/legiavanphongpham.com\/index.php\/wp-json\/wp\/v2\/product_cat?post=19031"},{"taxonomy":"product_tag","embeddable":true,"href":"https:\/\/legiavanphongpham.com\/index.php\/wp-json\/wp\/v2\/product_tag?post=19031"}],"curies":[{"name":"wp","href":"https:\/\/api.w.org\/{rel}","templated":true}]}}