{"id":19045,"date":"2021-10-19T14:11:44","date_gmt":"2021-10-19T07:11:44","guid":{"rendered":"https:\/\/legiavanphongpham.com\/?post_type=product&#038;p=19045"},"modified":"2021-10-29T15:55:56","modified_gmt":"2021-10-29T08:55:56","slug":"tu15b1c2","status":"publish","type":"product","link":"https:\/\/legiavanphongpham.com\/index.php\/product\/tu15b1c2\/","title":{"rendered":"TU15B1C2"},"content":{"rendered":"<p>T\u1ee7 s\u1eaft gia \u0111\u00ecnh s\u01a1n t\u0129nh \u0111i\u1ec7n. B\u00ean trong t\u1ee7 c\u00f3 1 \u0111\u1ee3t c\u1ed1 \u0111\u1ecbnh, 2 \u0111\u1ee3t di \u0111\u1ed9ng, 1 ng\u0103n ph\u1ee5 c\u00f3 kh\u00f3a v\u00e0 1 su\u1ed1t treo \u00e1o.<\/p>\n<p>Hai c\u00e1nh d\u00f9ng kh\u00f3a ri\u00eang bi\u1ec7t.<\/p>\n<p>KT\u00a0: W1000 x D500 x H1970 mm<\/p>\n","protected":false},"excerpt":{"rendered":"<p>T\u1ee7 s\u1eaft gia \u0111\u00ecnh s\u01a1n t\u0129nh \u0111i\u1ec7n. B\u00ean trong t\u1ee7 c\u00f3 1 \u0111\u1ee3t c\u1ed1 \u0111\u1ecbnh, 2 \u0111\u1ee3t di \u0111\u1ed9ng, 1 ng\u0103n ph\u1ee5 c\u00f3 kh\u00f3a v\u00e0 1 su\u1ed1t treo \u00e1o. Hai c\u00e1nh d\u00f9ng kh\u00f3a ri\u00eang bi\u1ec7t. KT\u00a0: W1000 x D500 x H1970 mm<\/p>\n","protected":false},"featured_media":19046,"comment_status":"open","ping_status":"closed","template":"","meta":[],"product_brand":[],"product_cat":[245],"product_tag":[],"class_list":{"0":"post-19045","1":"product","2":"type-product","3":"status-publish","4":"has-post-thumbnail","6":"product_cat-tu-ton-vp","8":"first","9":"instock","10":"shipping-taxable","11":"purchasable","12":"product-type-simple"},"_links":{"self":[{"href":"https:\/\/legiavanphongpham.com\/index.php\/wp-json\/wp\/v2\/product\/19045","targetHints":{"allow":["GET"]}}],"collection":[{"href":"https:\/\/legiavanphongpham.com\/index.php\/wp-json\/wp\/v2\/product"}],"about":[{"href":"https:\/\/legiavanphongpham.com\/index.php\/wp-json\/wp\/v2\/types\/product"}],"replies":[{"embeddable":true,"href":"https:\/\/legiavanphongpham.com\/index.php\/wp-json\/wp\/v2\/comments?post=19045"}],"wp:featuredmedia":[{"embeddable":true,"href":"https:\/\/legiavanphongpham.com\/index.php\/wp-json\/wp\/v2\/media\/19046"}],"wp:attachment":[{"href":"https:\/\/legiavanphongpham.com\/index.php\/wp-json\/wp\/v2\/media?parent=19045"}],"wp:term":[{"taxonomy":"product_brand","embeddable":true,"href":"https:\/\/legiavanphongpham.com\/index.php\/wp-json\/wp\/v2\/product_brand?post=19045"},{"taxonomy":"product_cat","embeddable":true,"href":"https:\/\/legiavanphongpham.com\/index.php\/wp-json\/wp\/v2\/product_cat?post=19045"},{"taxonomy":"product_tag","embeddable":true,"href":"https:\/\/legiavanphongpham.com\/index.php\/wp-json\/wp\/v2\/product_tag?post=19045"}],"curies":[{"name":"wp","href":"https:\/\/api.w.org\/{rel}","templated":true}]}}