{"id":19047,"date":"2021-10-19T14:12:48","date_gmt":"2021-10-19T07:12:48","guid":{"rendered":"https:\/\/legiavanphongpham.com\/?post_type=product&#038;p=19047"},"modified":"2021-10-29T15:56:11","modified_gmt":"2021-10-29T08:56:11","slug":"tu17b1c2","status":"publish","type":"product","link":"https:\/\/legiavanphongpham.com\/index.php\/product\/tu17b1c2\/","title":{"rendered":"TU17B1C2"},"content":{"rendered":"<p>T\u1ee7 s\u1eaft gia \u0111\u00ecnh s\u01a1n t\u0129nh \u0111i\u1ec7n, t\u1ee7 g\u1ed3m 1 khoang l\u1edbn.<\/p>\n<p>B\u00ean tr\u00ean g\u1ed3m 1 \u0111\u1ee3t c\u1ed1 \u0111\u1ecbnh v\u00e0 1 su\u1ed1t treo qu\u1ea7n \u00e1o, b\u00ean d\u01b0\u1edbi l\u00e0 1 ng\u0103n k\u00e9o s\u1eed d\u1ee5ng ray bi.<\/p>\n<p>KT:\u00a0W1000 x D500 x H1850 mm<\/p>\n","protected":false},"excerpt":{"rendered":"<p>T\u1ee7 s\u1eaft gia \u0111\u00ecnh s\u01a1n t\u0129nh \u0111i\u1ec7n, t\u1ee7 g\u1ed3m 1 khoang l\u1edbn. B\u00ean tr\u00ean g\u1ed3m 1 \u0111\u1ee3t c\u1ed1 \u0111\u1ecbnh v\u00e0 1 su\u1ed1t treo qu\u1ea7n \u00e1o, b\u00ean d\u01b0\u1edbi l\u00e0 1 ng\u0103n k\u00e9o s\u1eed d\u1ee5ng ray bi. KT:\u00a0W1000 x D500 x H1850 mm<\/p>\n","protected":false},"featured_media":19048,"comment_status":"open","ping_status":"closed","template":"","meta":[],"product_brand":[],"product_cat":[245],"product_tag":[],"class_list":{"0":"post-19047","1":"product","2":"type-product","3":"status-publish","4":"has-post-thumbnail","6":"product_cat-tu-ton-vp","8":"first","9":"instock","10":"shipping-taxable","11":"purchasable","12":"product-type-simple"},"_links":{"self":[{"href":"https:\/\/legiavanphongpham.com\/index.php\/wp-json\/wp\/v2\/product\/19047","targetHints":{"allow":["GET"]}}],"collection":[{"href":"https:\/\/legiavanphongpham.com\/index.php\/wp-json\/wp\/v2\/product"}],"about":[{"href":"https:\/\/legiavanphongpham.com\/index.php\/wp-json\/wp\/v2\/types\/product"}],"replies":[{"embeddable":true,"href":"https:\/\/legiavanphongpham.com\/index.php\/wp-json\/wp\/v2\/comments?post=19047"}],"wp:featuredmedia":[{"embeddable":true,"href":"https:\/\/legiavanphongpham.com\/index.php\/wp-json\/wp\/v2\/media\/19048"}],"wp:attachment":[{"href":"https:\/\/legiavanphongpham.com\/index.php\/wp-json\/wp\/v2\/media?parent=19047"}],"wp:term":[{"taxonomy":"product_brand","embeddable":true,"href":"https:\/\/legiavanphongpham.com\/index.php\/wp-json\/wp\/v2\/product_brand?post=19047"},{"taxonomy":"product_cat","embeddable":true,"href":"https:\/\/legiavanphongpham.com\/index.php\/wp-json\/wp\/v2\/product_cat?post=19047"},{"taxonomy":"product_tag","embeddable":true,"href":"https:\/\/legiavanphongpham.com\/index.php\/wp-json\/wp\/v2\/product_tag?post=19047"}],"curies":[{"name":"wp","href":"https:\/\/api.w.org\/{rel}","templated":true}]}}