{"id":19054,"date":"2021-10-19T14:22:01","date_gmt":"2021-10-19T07:22:01","guid":{"rendered":"https:\/\/legiavanphongpham.com\/?post_type=product&#038;p=19054"},"modified":"2021-10-29T15:56:49","modified_gmt":"2021-10-29T08:56:49","slug":"tu15b3c4","status":"publish","type":"product","link":"https:\/\/legiavanphongpham.com\/index.php\/product\/tu15b3c4\/","title":{"rendered":"TU15B3C4"},"content":{"rendered":"<p>T\u1ee7 s\u1eaft gia \u0111\u00ecnh s\u01a1n t\u0129nh \u0111i\u1ec7n, t\u1ee7 g\u1ed3m 3 khoang, 4 c\u00e1nh.<\/p>\n<p>Hai khoang ngo\u00e0i c\u00f9ng c\u00f3 su\u1ed1t treo \u00e1o v\u00e0 \u0111\u1ee3t di \u0111\u1ed9ng.<\/p>\n<p>Khoang gi\u1eefa c\u00f3 \u0111\u1ee3t c\u1ed1 \u0111\u1ecbnh v\u00e0 su\u1ed1t treo \u00e1o. Khoang b\u00ean ph\u1ea3i c\u00f3 ng\u0103n ph\u1ee5 b\u1ea3o m\u1eadt b\u1eb1ng kh\u00f3a m\u00e3 k\u00e9t s\u1eaft.<\/p>\n<p>KT: W1800 x D500 x H1970 mm<\/p>\n","protected":false},"excerpt":{"rendered":"<p>T\u1ee7 s\u1eaft gia \u0111\u00ecnh s\u01a1n t\u0129nh \u0111i\u1ec7n, t\u1ee7 g\u1ed3m 3 khoang, 4 c\u00e1nh. Hai khoang ngo\u00e0i c\u00f9ng c\u00f3 su\u1ed1t treo \u00e1o v\u00e0 \u0111\u1ee3t di \u0111\u1ed9ng. Khoang gi\u1eefa c\u00f3 \u0111\u1ee3t c\u1ed1 \u0111\u1ecbnh v\u00e0 su\u1ed1t treo \u00e1o. Khoang b\u00ean ph\u1ea3i c\u00f3 ng\u0103n ph\u1ee5 b\u1ea3o m\u1eadt b\u1eb1ng kh\u00f3a m\u00e3 k\u00e9t s\u1eaft. KT: W1800 x D500 x H1970 mm<\/p>\n","protected":false},"featured_media":19055,"comment_status":"open","ping_status":"closed","template":"","meta":[],"product_brand":[],"product_cat":[245],"product_tag":[],"class_list":{"0":"post-19054","1":"product","2":"type-product","3":"status-publish","4":"has-post-thumbnail","6":"product_cat-tu-ton-vp","8":"first","9":"instock","10":"shipping-taxable","11":"purchasable","12":"product-type-simple"},"_links":{"self":[{"href":"https:\/\/legiavanphongpham.com\/index.php\/wp-json\/wp\/v2\/product\/19054","targetHints":{"allow":["GET"]}}],"collection":[{"href":"https:\/\/legiavanphongpham.com\/index.php\/wp-json\/wp\/v2\/product"}],"about":[{"href":"https:\/\/legiavanphongpham.com\/index.php\/wp-json\/wp\/v2\/types\/product"}],"replies":[{"embeddable":true,"href":"https:\/\/legiavanphongpham.com\/index.php\/wp-json\/wp\/v2\/comments?post=19054"}],"wp:featuredmedia":[{"embeddable":true,"href":"https:\/\/legiavanphongpham.com\/index.php\/wp-json\/wp\/v2\/media\/19055"}],"wp:attachment":[{"href":"https:\/\/legiavanphongpham.com\/index.php\/wp-json\/wp\/v2\/media?parent=19054"}],"wp:term":[{"taxonomy":"product_brand","embeddable":true,"href":"https:\/\/legiavanphongpham.com\/index.php\/wp-json\/wp\/v2\/product_brand?post=19054"},{"taxonomy":"product_cat","embeddable":true,"href":"https:\/\/legiavanphongpham.com\/index.php\/wp-json\/wp\/v2\/product_cat?post=19054"},{"taxonomy":"product_tag","embeddable":true,"href":"https:\/\/legiavanphongpham.com\/index.php\/wp-json\/wp\/v2\/product_tag?post=19054"}],"curies":[{"name":"wp","href":"https:\/\/api.w.org\/{rel}","templated":true}]}}