{"id":19056,"date":"2021-10-19T14:23:08","date_gmt":"2021-10-19T07:23:08","guid":{"rendered":"https:\/\/legiavanphongpham.com\/?post_type=product&#038;p=19056"},"modified":"2021-10-29T15:57:24","modified_gmt":"2021-10-29T08:57:24","slug":"15b3c4nk3","status":"publish","type":"product","link":"https:\/\/legiavanphongpham.com\/index.php\/product\/15b3c4nk3\/","title":{"rendered":"15B3C4NK3"},"content":{"rendered":"<p>T\u1ee7 gia \u0111\u00ecnh khung th\u00e9p s\u01a1n t\u0129nh \u0111i\u1ec7n g\u1ed3m 3 bu\u1ed3ng, 4 c\u00e1nh, 3 ng\u0103n k\u00e9o.<\/p>\n<p>C\u00e1nh c\u00f3 hoa v\u0103n trang tr\u00ed. Trong khoang 2 c\u00e1nh ng\u1eafn c\u00f3 1 su\u1ed1t treo \u00e1o.<\/p>\n<p>Khoang c\u00e1nh s\u1eaft d\u00e0i c\u00f3 1 su\u1ed1t treo \u00e1o v\u00e0 2 \u0111\u1ee3t di \u0111\u1ed9ng<\/p>\n<p>KT: W1350 x D500 x H1970 (mm).<\/p>\n","protected":false},"excerpt":{"rendered":"<p>T\u1ee7 gia \u0111\u00ecnh khung th\u00e9p s\u01a1n t\u0129nh \u0111i\u1ec7n g\u1ed3m 3 bu\u1ed3ng, 4 c\u00e1nh, 3 ng\u0103n k\u00e9o. C\u00e1nh c\u00f3 hoa v\u0103n trang tr\u00ed. Trong khoang 2 c\u00e1nh ng\u1eafn c\u00f3 1 su\u1ed1t treo \u00e1o. Khoang c\u00e1nh s\u1eaft d\u00e0i c\u00f3 1 su\u1ed1t treo \u00e1o v\u00e0 2 \u0111\u1ee3t di \u0111\u1ed9ng KT: W1350 x D500 x H1970 (mm).<\/p>\n","protected":false},"featured_media":19057,"comment_status":"open","ping_status":"closed","template":"","meta":[],"product_brand":[],"product_cat":[245],"product_tag":[],"class_list":{"0":"post-19056","1":"product","2":"type-product","3":"status-publish","4":"has-post-thumbnail","6":"product_cat-tu-ton-vp","8":"first","9":"instock","10":"shipping-taxable","11":"purchasable","12":"product-type-simple"},"_links":{"self":[{"href":"https:\/\/legiavanphongpham.com\/index.php\/wp-json\/wp\/v2\/product\/19056","targetHints":{"allow":["GET"]}}],"collection":[{"href":"https:\/\/legiavanphongpham.com\/index.php\/wp-json\/wp\/v2\/product"}],"about":[{"href":"https:\/\/legiavanphongpham.com\/index.php\/wp-json\/wp\/v2\/types\/product"}],"replies":[{"embeddable":true,"href":"https:\/\/legiavanphongpham.com\/index.php\/wp-json\/wp\/v2\/comments?post=19056"}],"wp:featuredmedia":[{"embeddable":true,"href":"https:\/\/legiavanphongpham.com\/index.php\/wp-json\/wp\/v2\/media\/19057"}],"wp:attachment":[{"href":"https:\/\/legiavanphongpham.com\/index.php\/wp-json\/wp\/v2\/media?parent=19056"}],"wp:term":[{"taxonomy":"product_brand","embeddable":true,"href":"https:\/\/legiavanphongpham.com\/index.php\/wp-json\/wp\/v2\/product_brand?post=19056"},{"taxonomy":"product_cat","embeddable":true,"href":"https:\/\/legiavanphongpham.com\/index.php\/wp-json\/wp\/v2\/product_cat?post=19056"},{"taxonomy":"product_tag","embeddable":true,"href":"https:\/\/legiavanphongpham.com\/index.php\/wp-json\/wp\/v2\/product_tag?post=19056"}],"curies":[{"name":"wp","href":"https:\/\/api.w.org\/{rel}","templated":true}]}}