{"id":19059,"date":"2021-10-19T14:24:50","date_gmt":"2021-10-19T07:24:50","guid":{"rendered":"https:\/\/legiavanphongpham.com\/?post_type=product&#038;p=19059"},"modified":"2021-10-29T15:57:35","modified_gmt":"2021-10-29T08:57:35","slug":"tu18b2c3","status":"publish","type":"product","link":"https:\/\/legiavanphongpham.com\/index.php\/product\/tu18b2c3\/","title":{"rendered":"TU18B2C3"},"content":{"rendered":"<p>T\u1ee7 gia \u0111\u00ecnh cao c\u1ea5p s\u1eed d\u1ee5ng ch\u1ea5t li\u1ec7u khung th\u00e9p k\u1ebft h\u1ee3p v\u1edbi c\u00e1nh g\u1ed7 c\u00f4ng nghi\u1ec7p ph\u1ee7 Melamine.<\/p>\n<p>T\u1ee7 g\u1ed3m 3 c\u00e1nh m\u1edf v\u00e0 3 ng\u0103n k\u00e9o. Khoang c\u00e1nh ng\u1eafn g\u1ed3m 1 \u0111\u1ee3t di \u0111\u1ed9ng v\u00e0 1 su\u1ed1t treo qu\u1ea7n \u00e1o.<\/p>\n<p>Khoang c\u00e1nh d\u00e0i g\u1ed3m 1 \u0111\u1ee3t di \u0111\u1ed9ng, 1 su\u1ed1t treo qu\u1ea7n \u00e1o v\u00e0 1 ng\u0103n ph\u1ee5 c\u00f3 kh\u00f3a.<\/p>\n<p>KT: W1270 x D550 x H1970 (mm)<\/p>\n","protected":false},"excerpt":{"rendered":"<p>T\u1ee7 gia \u0111\u00ecnh cao c\u1ea5p s\u1eed d\u1ee5ng ch\u1ea5t li\u1ec7u khung th\u00e9p k\u1ebft h\u1ee3p v\u1edbi c\u00e1nh g\u1ed7 c\u00f4ng nghi\u1ec7p ph\u1ee7 Melamine. T\u1ee7 g\u1ed3m 3 c\u00e1nh m\u1edf v\u00e0 3 ng\u0103n k\u00e9o. Khoang c\u00e1nh ng\u1eafn g\u1ed3m 1 \u0111\u1ee3t di \u0111\u1ed9ng v\u00e0 1 su\u1ed1t treo qu\u1ea7n \u00e1o. Khoang c\u00e1nh d\u00e0i g\u1ed3m 1 \u0111\u1ee3t di \u0111\u1ed9ng, 1 su\u1ed1t treo qu\u1ea7n [&hellip;]<\/p>\n","protected":false},"featured_media":19060,"comment_status":"open","ping_status":"closed","template":"","meta":[],"product_brand":[],"product_cat":[245],"product_tag":[],"class_list":{"0":"post-19059","1":"product","2":"type-product","3":"status-publish","4":"has-post-thumbnail","6":"product_cat-tu-ton-vp","8":"first","9":"instock","10":"shipping-taxable","11":"purchasable","12":"product-type-simple"},"_links":{"self":[{"href":"https:\/\/legiavanphongpham.com\/index.php\/wp-json\/wp\/v2\/product\/19059","targetHints":{"allow":["GET"]}}],"collection":[{"href":"https:\/\/legiavanphongpham.com\/index.php\/wp-json\/wp\/v2\/product"}],"about":[{"href":"https:\/\/legiavanphongpham.com\/index.php\/wp-json\/wp\/v2\/types\/product"}],"replies":[{"embeddable":true,"href":"https:\/\/legiavanphongpham.com\/index.php\/wp-json\/wp\/v2\/comments?post=19059"}],"wp:featuredmedia":[{"embeddable":true,"href":"https:\/\/legiavanphongpham.com\/index.php\/wp-json\/wp\/v2\/media\/19060"}],"wp:attachment":[{"href":"https:\/\/legiavanphongpham.com\/index.php\/wp-json\/wp\/v2\/media?parent=19059"}],"wp:term":[{"taxonomy":"product_brand","embeddable":true,"href":"https:\/\/legiavanphongpham.com\/index.php\/wp-json\/wp\/v2\/product_brand?post=19059"},{"taxonomy":"product_cat","embeddable":true,"href":"https:\/\/legiavanphongpham.com\/index.php\/wp-json\/wp\/v2\/product_cat?post=19059"},{"taxonomy":"product_tag","embeddable":true,"href":"https:\/\/legiavanphongpham.com\/index.php\/wp-json\/wp\/v2\/product_tag?post=19059"}],"curies":[{"name":"wp","href":"https:\/\/api.w.org\/{rel}","templated":true}]}}