{"id":19069,"date":"2021-10-19T14:30:33","date_gmt":"2021-10-19T07:30:33","guid":{"rendered":"https:\/\/legiavanphongpham.com\/?post_type=product&#038;p=19069"},"modified":"2021-10-29T15:57:59","modified_gmt":"2021-10-29T08:57:59","slug":"tu19b3c3","status":"publish","type":"product","link":"https:\/\/legiavanphongpham.com\/index.php\/product\/tu19b3c3\/","title":{"rendered":"TU19B3C3"},"content":{"rendered":"<p>T\u1ee7 s\u1eaft gia \u0111\u00ecnh 3 c\u00e1nh l\u00f9a th\u00e2n s\u01a1n m\u00e0u c\u00e0 ph\u00ea k\u1ebft h\u1ee3p c\u00e1nh m\u1ea7u tr\u1eafng c\u00f3 hoa v\u0103n trang tr\u00ed hi\u1ec7n \u0111\u1ea1i.<\/p>\n<p>T\u1ee7 g\u1ed3m 3 khoang trong \u0111\u00f3 khoang tr\u00e1i c\u00f3 2 \u0111\u1ee3t di \u0111\u1ed9ng v\u00e0 1 su\u1ed1t \u00e1o, khoang gi\u1eefa c\u00f3 1 su\u1ed1t treo \u00e1o v\u00e0 2 \u0111\u1ee3t di \u0111\u1ed9ng ph\u00eda d\u01b0\u1edbi, khoang ph\u1ea3i c\u00f3 3 \u0111\u1ee3t di \u0111\u1ed9ng v\u00e0 1 ng\u0103n k\u00e9o \u0111\u01b0\u1ee3c b\u1ea3o m\u1eadt b\u1eb1ng kh\u00f3a m\u00e3 chuy\u00ean d\u00f9ng cho k\u00e9t.<\/p>\n<p>KT: W1700 X D550 X H1970 (mm)<\/p>\n","protected":false},"excerpt":{"rendered":"<p>T\u1ee7 s\u1eaft gia \u0111\u00ecnh 3 c\u00e1nh l\u00f9a th\u00e2n s\u01a1n m\u00e0u c\u00e0 ph\u00ea k\u1ebft h\u1ee3p c\u00e1nh m\u1ea7u tr\u1eafng c\u00f3 hoa v\u0103n trang tr\u00ed hi\u1ec7n \u0111\u1ea1i. T\u1ee7 g\u1ed3m 3 khoang trong \u0111\u00f3 khoang tr\u00e1i c\u00f3 2 \u0111\u1ee3t di \u0111\u1ed9ng v\u00e0 1 su\u1ed1t \u00e1o, khoang gi\u1eefa c\u00f3 1 su\u1ed1t treo \u00e1o v\u00e0 2 \u0111\u1ee3t di \u0111\u1ed9ng ph\u00eda d\u01b0\u1edbi, [&hellip;]<\/p>\n","protected":false},"featured_media":19070,"comment_status":"open","ping_status":"closed","template":"","meta":[],"product_brand":[],"product_cat":[245],"product_tag":[],"class_list":{"0":"post-19069","1":"product","2":"type-product","3":"status-publish","4":"has-post-thumbnail","6":"product_cat-tu-ton-vp","8":"first","9":"instock","10":"shipping-taxable","11":"purchasable","12":"product-type-simple"},"_links":{"self":[{"href":"https:\/\/legiavanphongpham.com\/index.php\/wp-json\/wp\/v2\/product\/19069","targetHints":{"allow":["GET"]}}],"collection":[{"href":"https:\/\/legiavanphongpham.com\/index.php\/wp-json\/wp\/v2\/product"}],"about":[{"href":"https:\/\/legiavanphongpham.com\/index.php\/wp-json\/wp\/v2\/types\/product"}],"replies":[{"embeddable":true,"href":"https:\/\/legiavanphongpham.com\/index.php\/wp-json\/wp\/v2\/comments?post=19069"}],"wp:featuredmedia":[{"embeddable":true,"href":"https:\/\/legiavanphongpham.com\/index.php\/wp-json\/wp\/v2\/media\/19070"}],"wp:attachment":[{"href":"https:\/\/legiavanphongpham.com\/index.php\/wp-json\/wp\/v2\/media?parent=19069"}],"wp:term":[{"taxonomy":"product_brand","embeddable":true,"href":"https:\/\/legiavanphongpham.com\/index.php\/wp-json\/wp\/v2\/product_brand?post=19069"},{"taxonomy":"product_cat","embeddable":true,"href":"https:\/\/legiavanphongpham.com\/index.php\/wp-json\/wp\/v2\/product_cat?post=19069"},{"taxonomy":"product_tag","embeddable":true,"href":"https:\/\/legiavanphongpham.com\/index.php\/wp-json\/wp\/v2\/product_tag?post=19069"}],"curies":[{"name":"wp","href":"https:\/\/api.w.org\/{rel}","templated":true}]}}