{"id":19072,"date":"2021-10-19T14:31:41","date_gmt":"2021-10-19T07:31:41","guid":{"rendered":"https:\/\/legiavanphongpham.com\/?post_type=product&#038;p=19072"},"modified":"2021-10-29T15:58:08","modified_gmt":"2021-10-29T08:58:08","slug":"tg01","status":"publish","type":"product","link":"https:\/\/legiavanphongpham.com\/index.php\/product\/tg01\/","title":{"rendered":"TG01"},"content":{"rendered":"<p>T\u1ee7 \u0111\u1ec3 gi\u00e0y c\u00e1nh l\u00f9a b\u1eb1ng th\u00e9p s\u01a1n t\u0129nh \u0111i\u1ec7n m\u00e0u tr\u1eafng.<\/p>\n<p>B\u00ean trong c\u00f3 1 \u0111\u1ee3t c\u1ed1 \u0111\u1ecbnh \u0111\u1ec3 gi\u00e0y, ph\u1ea7n n\u00f3c c\u00f3 t\u1ea5m \u0111\u1ec7m m\u00fat b\u1ecdc PVC<\/p>\n<p>KT: W1100 x D370 x H450 mm<\/p>\n","protected":false},"excerpt":{"rendered":"<p>T\u1ee7 \u0111\u1ec3 gi\u00e0y c\u00e1nh l\u00f9a b\u1eb1ng th\u00e9p s\u01a1n t\u0129nh \u0111i\u1ec7n m\u00e0u tr\u1eafng. B\u00ean trong c\u00f3 1 \u0111\u1ee3t c\u1ed1 \u0111\u1ecbnh \u0111\u1ec3 gi\u00e0y, ph\u1ea7n n\u00f3c c\u00f3 t\u1ea5m \u0111\u1ec7m m\u00fat b\u1ecdc PVC KT: W1100 x D370 x H450 mm<\/p>\n","protected":false},"featured_media":19073,"comment_status":"open","ping_status":"closed","template":"","meta":[],"product_brand":[],"product_cat":[245],"product_tag":[],"class_list":{"0":"post-19072","1":"product","2":"type-product","3":"status-publish","4":"has-post-thumbnail","6":"product_cat-tu-ton-vp","8":"first","9":"instock","10":"shipping-taxable","11":"purchasable","12":"product-type-simple"},"_links":{"self":[{"href":"https:\/\/legiavanphongpham.com\/index.php\/wp-json\/wp\/v2\/product\/19072","targetHints":{"allow":["GET"]}}],"collection":[{"href":"https:\/\/legiavanphongpham.com\/index.php\/wp-json\/wp\/v2\/product"}],"about":[{"href":"https:\/\/legiavanphongpham.com\/index.php\/wp-json\/wp\/v2\/types\/product"}],"replies":[{"embeddable":true,"href":"https:\/\/legiavanphongpham.com\/index.php\/wp-json\/wp\/v2\/comments?post=19072"}],"wp:featuredmedia":[{"embeddable":true,"href":"https:\/\/legiavanphongpham.com\/index.php\/wp-json\/wp\/v2\/media\/19073"}],"wp:attachment":[{"href":"https:\/\/legiavanphongpham.com\/index.php\/wp-json\/wp\/v2\/media?parent=19072"}],"wp:term":[{"taxonomy":"product_brand","embeddable":true,"href":"https:\/\/legiavanphongpham.com\/index.php\/wp-json\/wp\/v2\/product_brand?post=19072"},{"taxonomy":"product_cat","embeddable":true,"href":"https:\/\/legiavanphongpham.com\/index.php\/wp-json\/wp\/v2\/product_cat?post=19072"},{"taxonomy":"product_tag","embeddable":true,"href":"https:\/\/legiavanphongpham.com\/index.php\/wp-json\/wp\/v2\/product_tag?post=19072"}],"curies":[{"name":"wp","href":"https:\/\/api.w.org\/{rel}","templated":true}]}}