{"id":19078,"date":"2021-10-19T14:34:06","date_gmt":"2021-10-19T07:34:06","guid":{"rendered":"https:\/\/legiavanphongpham.com\/?post_type=product&#038;p=19078"},"modified":"2021-10-29T15:58:24","modified_gmt":"2021-10-29T08:58:24","slug":"tg03","status":"publish","type":"product","link":"https:\/\/legiavanphongpham.com\/index.php\/product\/tg03\/","title":{"rendered":"TG03"},"content":{"rendered":"<p>T\u1ee7 \u0111\u1ec1 gi\u00e0y c\u00f3 3\u00a0ng\u0103n xoay v\u00e0 1 ng\u0103n k\u00e9o, b\u00ean trong m\u1ed7i ng\u0103n xoay c\u00f3 1 \u0111\u1ee3t di \u0111\u1ed9ng chia hai t\u1ea7ng \u0111\u1ec3 gi\u00e0y.<\/p>\n<p>KT:\u00a0W700 x D300 x H1245 (mm)<\/p>\n","protected":false},"excerpt":{"rendered":"<p>T\u1ee7 \u0111\u1ec1 gi\u00e0y c\u00f3 3\u00a0ng\u0103n xoay v\u00e0 1 ng\u0103n k\u00e9o, b\u00ean trong m\u1ed7i ng\u0103n xoay c\u00f3 1 \u0111\u1ee3t di \u0111\u1ed9ng chia hai t\u1ea7ng \u0111\u1ec3 gi\u00e0y. KT:\u00a0W700 x D300 x H1245 (mm)<\/p>\n","protected":false},"featured_media":19079,"comment_status":"open","ping_status":"closed","template":"","meta":[],"product_brand":[],"product_cat":[245],"product_tag":[],"class_list":{"0":"post-19078","1":"product","2":"type-product","3":"status-publish","4":"has-post-thumbnail","6":"product_cat-tu-ton-vp","8":"first","9":"instock","10":"shipping-taxable","11":"purchasable","12":"product-type-simple"},"_links":{"self":[{"href":"https:\/\/legiavanphongpham.com\/index.php\/wp-json\/wp\/v2\/product\/19078","targetHints":{"allow":["GET"]}}],"collection":[{"href":"https:\/\/legiavanphongpham.com\/index.php\/wp-json\/wp\/v2\/product"}],"about":[{"href":"https:\/\/legiavanphongpham.com\/index.php\/wp-json\/wp\/v2\/types\/product"}],"replies":[{"embeddable":true,"href":"https:\/\/legiavanphongpham.com\/index.php\/wp-json\/wp\/v2\/comments?post=19078"}],"wp:featuredmedia":[{"embeddable":true,"href":"https:\/\/legiavanphongpham.com\/index.php\/wp-json\/wp\/v2\/media\/19079"}],"wp:attachment":[{"href":"https:\/\/legiavanphongpham.com\/index.php\/wp-json\/wp\/v2\/media?parent=19078"}],"wp:term":[{"taxonomy":"product_brand","embeddable":true,"href":"https:\/\/legiavanphongpham.com\/index.php\/wp-json\/wp\/v2\/product_brand?post=19078"},{"taxonomy":"product_cat","embeddable":true,"href":"https:\/\/legiavanphongpham.com\/index.php\/wp-json\/wp\/v2\/product_cat?post=19078"},{"taxonomy":"product_tag","embeddable":true,"href":"https:\/\/legiavanphongpham.com\/index.php\/wp-json\/wp\/v2\/product_tag?post=19078"}],"curies":[{"name":"wp","href":"https:\/\/api.w.org\/{rel}","templated":true}]}}