{"id":19080,"date":"2021-10-19T14:35:11","date_gmt":"2021-10-19T07:35:11","guid":{"rendered":"https:\/\/legiavanphongpham.com\/?post_type=product&#038;p=19080"},"modified":"2021-10-29T15:58:32","modified_gmt":"2021-10-29T08:58:32","slug":"tg04","status":"publish","type":"product","link":"https:\/\/legiavanphongpham.com\/index.php\/product\/tg04\/","title":{"rendered":"TG04"},"content":{"rendered":"<p>T\u1ee7 \u0111\u1ec3 gi\u00e0y b\u1eb1ng s\u1eaft g\u1ed3m 2 khoang c\u00e1nh m\u1edf v\u00e0 1 ng\u0103n k\u00e9o.<\/p>\n<p>Khoang l\u1edbn b\u00ean tr\u00e1i g\u1ed3m 3 \u0111\u1ee3t di \u0111\u1ed9ng \u0111\u01b0\u1ee3c chia 4 t\u1ea7ng \u0111\u1ec3 gi\u00e0y.<\/p>\n<p>Khoang b\u00ean ph\u1ea3i g\u1ed3m 1 su\u1ed1t treo \u00f4 v\u00e0 1 \u0111\u1ee3t \u0111\u1ec3 gi\u00e0y.<\/p>\n<p>KT: W1000 x D350 x H1000 (mm)<\/p>\n","protected":false},"excerpt":{"rendered":"<p>T\u1ee7 \u0111\u1ec3 gi\u00e0y b\u1eb1ng s\u1eaft g\u1ed3m 2 khoang c\u00e1nh m\u1edf v\u00e0 1 ng\u0103n k\u00e9o. Khoang l\u1edbn b\u00ean tr\u00e1i g\u1ed3m 3 \u0111\u1ee3t di \u0111\u1ed9ng \u0111\u01b0\u1ee3c chia 4 t\u1ea7ng \u0111\u1ec3 gi\u00e0y. Khoang b\u00ean ph\u1ea3i g\u1ed3m 1 su\u1ed1t treo \u00f4 v\u00e0 1 \u0111\u1ee3t \u0111\u1ec3 gi\u00e0y. KT: W1000 x D350 x H1000 (mm)<\/p>\n","protected":false},"featured_media":19081,"comment_status":"open","ping_status":"closed","template":"","meta":[],"product_brand":[],"product_cat":[245],"product_tag":[],"class_list":{"0":"post-19080","1":"product","2":"type-product","3":"status-publish","4":"has-post-thumbnail","6":"product_cat-tu-ton-vp","8":"first","9":"instock","10":"shipping-taxable","11":"purchasable","12":"product-type-simple"},"_links":{"self":[{"href":"https:\/\/legiavanphongpham.com\/index.php\/wp-json\/wp\/v2\/product\/19080","targetHints":{"allow":["GET"]}}],"collection":[{"href":"https:\/\/legiavanphongpham.com\/index.php\/wp-json\/wp\/v2\/product"}],"about":[{"href":"https:\/\/legiavanphongpham.com\/index.php\/wp-json\/wp\/v2\/types\/product"}],"replies":[{"embeddable":true,"href":"https:\/\/legiavanphongpham.com\/index.php\/wp-json\/wp\/v2\/comments?post=19080"}],"wp:featuredmedia":[{"embeddable":true,"href":"https:\/\/legiavanphongpham.com\/index.php\/wp-json\/wp\/v2\/media\/19081"}],"wp:attachment":[{"href":"https:\/\/legiavanphongpham.com\/index.php\/wp-json\/wp\/v2\/media?parent=19080"}],"wp:term":[{"taxonomy":"product_brand","embeddable":true,"href":"https:\/\/legiavanphongpham.com\/index.php\/wp-json\/wp\/v2\/product_brand?post=19080"},{"taxonomy":"product_cat","embeddable":true,"href":"https:\/\/legiavanphongpham.com\/index.php\/wp-json\/wp\/v2\/product_cat?post=19080"},{"taxonomy":"product_tag","embeddable":true,"href":"https:\/\/legiavanphongpham.com\/index.php\/wp-json\/wp\/v2\/product_tag?post=19080"}],"curies":[{"name":"wp","href":"https:\/\/api.w.org\/{rel}","templated":true}]}}