{"id":19082,"date":"2021-10-19T14:36:30","date_gmt":"2021-10-19T07:36:30","guid":{"rendered":"https:\/\/legiavanphongpham.com\/?post_type=product&#038;p=19082"},"modified":"2021-10-29T15:58:38","modified_gmt":"2021-10-29T08:58:38","slug":"tg05","status":"publish","type":"product","link":"https:\/\/legiavanphongpham.com\/index.php\/product\/tg05\/","title":{"rendered":"TG05"},"content":{"rendered":"<p>T\u1ee7 gi\u1ea7y gia \u0111\u00ecnh b\u1eb1ng th\u00e9p s\u01a1n t\u0129nh \u0111i\u1ec7n m\u00e0u c\u00e0 ph\u00ea, k\u1ebft h\u1ee3p c\u00e1nh m\u1ea7u tr\u1eafng \u0111\u01b0\u1ee3c c\u1eaft laser trang tr\u00ed.<\/p>\n<p>T\u1ee7 \u0111\u01b0\u1ee3c thi\u1ebft k\u1ebf nhi\u1ec1u khoang g\u1ed3m: ng\u0103n k\u00e9o \u0111\u1ec3 \u0111\u1ed3 ph\u00eda tr\u00ean, hai ng\u0103n xoay ph\u00eda d\u01b0\u1edbi \u0111\u1ec3 gi\u1ea7y d\u00e9p.<\/p>\n<p>Khoang b\u00ean ph\u1ea3i c\u00e1nh m\u1edf c\u00f3 c\u00e1c \u0111\u1ee3t \u0111\u1ec3 \u0111\u1ed3 v\u00e0 khoang d\u01b0\u1edbi c\u00f9ng \u0111\u1ec3 gi\u00e0y d\u00e9p \u0111i th\u01b0\u1eddng xuy\u00ean.<\/p>\n<p>KT: W1100 x D325 x H1000 (mm)<\/p>\n","protected":false},"excerpt":{"rendered":"<p>T\u1ee7 gi\u1ea7y gia \u0111\u00ecnh b\u1eb1ng th\u00e9p s\u01a1n t\u0129nh \u0111i\u1ec7n m\u00e0u c\u00e0 ph\u00ea, k\u1ebft h\u1ee3p c\u00e1nh m\u1ea7u tr\u1eafng \u0111\u01b0\u1ee3c c\u1eaft laser trang tr\u00ed. T\u1ee7 \u0111\u01b0\u1ee3c thi\u1ebft k\u1ebf nhi\u1ec1u khoang g\u1ed3m: ng\u0103n k\u00e9o \u0111\u1ec3 \u0111\u1ed3 ph\u00eda tr\u00ean, hai ng\u0103n xoay ph\u00eda d\u01b0\u1edbi \u0111\u1ec3 gi\u1ea7y d\u00e9p. Khoang b\u00ean ph\u1ea3i c\u00e1nh m\u1edf c\u00f3 c\u00e1c \u0111\u1ee3t \u0111\u1ec3 \u0111\u1ed3 v\u00e0 khoang [&hellip;]<\/p>\n","protected":false},"featured_media":19083,"comment_status":"open","ping_status":"closed","template":"","meta":[],"product_brand":[],"product_cat":[245],"product_tag":[],"class_list":{"0":"post-19082","1":"product","2":"type-product","3":"status-publish","4":"has-post-thumbnail","6":"product_cat-tu-ton-vp","8":"first","9":"instock","10":"shipping-taxable","11":"purchasable","12":"product-type-simple"},"_links":{"self":[{"href":"https:\/\/legiavanphongpham.com\/index.php\/wp-json\/wp\/v2\/product\/19082","targetHints":{"allow":["GET"]}}],"collection":[{"href":"https:\/\/legiavanphongpham.com\/index.php\/wp-json\/wp\/v2\/product"}],"about":[{"href":"https:\/\/legiavanphongpham.com\/index.php\/wp-json\/wp\/v2\/types\/product"}],"replies":[{"embeddable":true,"href":"https:\/\/legiavanphongpham.com\/index.php\/wp-json\/wp\/v2\/comments?post=19082"}],"wp:featuredmedia":[{"embeddable":true,"href":"https:\/\/legiavanphongpham.com\/index.php\/wp-json\/wp\/v2\/media\/19083"}],"wp:attachment":[{"href":"https:\/\/legiavanphongpham.com\/index.php\/wp-json\/wp\/v2\/media?parent=19082"}],"wp:term":[{"taxonomy":"product_brand","embeddable":true,"href":"https:\/\/legiavanphongpham.com\/index.php\/wp-json\/wp\/v2\/product_brand?post=19082"},{"taxonomy":"product_cat","embeddable":true,"href":"https:\/\/legiavanphongpham.com\/index.php\/wp-json\/wp\/v2\/product_cat?post=19082"},{"taxonomy":"product_tag","embeddable":true,"href":"https:\/\/legiavanphongpham.com\/index.php\/wp-json\/wp\/v2\/product_tag?post=19082"}],"curies":[{"name":"wp","href":"https:\/\/api.w.org\/{rel}","templated":true}]}}