{"id":19091,"date":"2021-11-04T09:11:55","date_gmt":"2021-11-04T02:11:55","guid":{"rendered":"https:\/\/legiavanphongpham.com\/?post_type=product&#038;p=19091"},"modified":"2021-11-04T09:11:55","modified_gmt":"2021-11-04T02:11:55","slug":"minman-m-200ab","status":"publish","type":"product","link":"https:\/\/legiavanphongpham.com\/index.php\/product\/minman-m-200ab\/","title":{"rendered":"Minman M-200AB"},"content":{"rendered":"<p>&#8211; Ch\u1ee9c n\u0103ng in kim, in 2 m\u00e0u \u0111\u1ecf \u0111en<\/p>\n<p>&#8211; \u0110\u1ed3ng h\u1ed3 c\u01a1 &amp; k\u1ef9 thu\u1eadt s\u1ed1<\/p>\n<p>&#8211; 6 c\u1ed9t in, chu\u00f4ng b\u00e1o gi\u1edd v\u00e0o ca, tan ca<\/p>\n<p>&#8211; <strong><em>Ch\u1ee9c n\u0103ng chuy\u1ec3n c\u1ed9t t\u1ef1 \u0111\u1ed9ng<\/em><\/strong><\/p>\n<p>&#8211; Pin ngu\u1ed3n gi\u1eef \u0111i\u1ec7n 24 gi\u1edd sau khi c\u00fap \u0111i\u1ec7n<\/p>\n<p>&#8211; <strong><em>Th\u00edch h\u1ee3p t\u1eeb 20-500 nh\u00e2n vi\u00ean<\/em><\/strong><\/p>\n<p>&#8211; B\u1ed9 nh\u1edb l\u01b0u tr\u1eef ch\u01b0\u01a1ng tr\u00ecnh 5 n\u0103m<\/p>\n<p>&#8211; Tr\u1ecdng l\u01b0\u1ee3ng: 3kg<\/p>\n","protected":false},"excerpt":{"rendered":"<p>&#8211; Ch\u1ee9c n\u0103ng in kim, in 2 m\u00e0u \u0111\u1ecf \u0111en &#8211; \u0110\u1ed3ng h\u1ed3 c\u01a1 &amp; k\u1ef9 thu\u1eadt s\u1ed1 &#8211; 6 c\u1ed9t in, chu\u00f4ng b\u00e1o gi\u1edd v\u00e0o ca, tan ca &#8211; Ch\u1ee9c n\u0103ng chuy\u1ec3n c\u1ed9t t\u1ef1 \u0111\u1ed9ng &#8211; Pin ngu\u1ed3n gi\u1eef \u0111i\u1ec7n 24 gi\u1edd sau khi c\u00fap \u0111i\u1ec7n &#8211; Th\u00edch h\u1ee3p t\u1eeb 20-500 nh\u00e2n vi\u00ean &#8211; [&hellip;]<\/p>\n","protected":false},"featured_media":19092,"comment_status":"open","ping_status":"closed","template":"","meta":[],"product_brand":[],"product_cat":[176],"product_tag":[],"class_list":{"0":"post-19091","1":"product","2":"type-product","3":"status-publish","4":"has-post-thumbnail","6":"product_cat-may-cham-cong","8":"first","9":"instock","10":"shipping-taxable","11":"purchasable","12":"product-type-simple"},"_links":{"self":[{"href":"https:\/\/legiavanphongpham.com\/index.php\/wp-json\/wp\/v2\/product\/19091","targetHints":{"allow":["GET"]}}],"collection":[{"href":"https:\/\/legiavanphongpham.com\/index.php\/wp-json\/wp\/v2\/product"}],"about":[{"href":"https:\/\/legiavanphongpham.com\/index.php\/wp-json\/wp\/v2\/types\/product"}],"replies":[{"embeddable":true,"href":"https:\/\/legiavanphongpham.com\/index.php\/wp-json\/wp\/v2\/comments?post=19091"}],"wp:featuredmedia":[{"embeddable":true,"href":"https:\/\/legiavanphongpham.com\/index.php\/wp-json\/wp\/v2\/media\/19092"}],"wp:attachment":[{"href":"https:\/\/legiavanphongpham.com\/index.php\/wp-json\/wp\/v2\/media?parent=19091"}],"wp:term":[{"taxonomy":"product_brand","embeddable":true,"href":"https:\/\/legiavanphongpham.com\/index.php\/wp-json\/wp\/v2\/product_brand?post=19091"},{"taxonomy":"product_cat","embeddable":true,"href":"https:\/\/legiavanphongpham.com\/index.php\/wp-json\/wp\/v2\/product_cat?post=19091"},{"taxonomy":"product_tag","embeddable":true,"href":"https:\/\/legiavanphongpham.com\/index.php\/wp-json\/wp\/v2\/product_tag?post=19091"}],"curies":[{"name":"wp","href":"https:\/\/api.w.org\/{rel}","templated":true}]}}