{"id":19097,"date":"2021-11-04T09:19:59","date_gmt":"2021-11-04T02:19:59","guid":{"rendered":"https:\/\/legiavanphongpham.com\/?post_type=product&#038;p=19097"},"modified":"2021-11-04T09:20:00","modified_gmt":"2021-11-04T02:20:00","slug":"gigata-fa-113","status":"publish","type":"product","link":"https:\/\/legiavanphongpham.com\/index.php\/product\/gigata-fa-113\/","title":{"rendered":"GIGATA FA-113"},"content":{"rendered":"<p>&#8211; Ch\u1ea5m c\u00f4ng b\u1eb1ng khu\u00f4n m\u1eb7t \u2013 v\u00e0 v\u00e2n tay<\/p>\n<p>&#8211; <strong>Qu<\/strong><strong>\u1ea3<\/strong><strong>n l<\/strong><strong>\u00fd<\/strong> <strong>\u0111<\/strong><strong>\u1ebf<\/strong><strong>n <u>1200 khu\u00f4n m<\/u><\/strong><strong><u>\u1eb7<\/u><\/strong><strong><u>t + 2.000 d<\/u><\/strong><strong><u>\u1ea5<\/u><\/strong><strong><u>u v<\/u><\/strong><strong><u>\u00e2<\/u><\/strong><strong><u>n tay\u00a0 + b\u00fat c<\/u><\/strong><strong><u>\u1ea3m \u1ee9ng<\/u><\/strong><\/p>\n<p><strong>&#8211; T\u00edch h\u1ee3p h\u1ec7 th\u1ed1ng ki\u1ec3m so\u00e1t c\u1eeda ra v\u00e0o<\/strong><\/p>\n<p>&#8211; <strong>S<\/strong><strong>\u1eed<\/strong><strong> d<\/strong><strong>\u1ee5<\/strong><strong>ng Chip x<\/strong><strong>\u1eed<\/strong><strong> l<\/strong><strong>\u00fd<\/strong><strong> Intel c<\/strong><strong>\u1ee7<\/strong><strong>a M<\/strong><strong>\u1ef9<\/strong><\/p>\n<p>&#8211; <strong>S<\/strong><strong>\u1eed<\/strong><strong> d<\/strong><strong>\u1ee5<\/strong><strong>ng Sensor th<\/strong><strong>\u1ebf<\/strong><strong> h<\/strong><strong>\u1ec7<\/strong><strong> m<\/strong><strong>\u1edb<\/strong><strong>i ch<\/strong><strong>\u1ed1<\/strong><strong>ng tr<\/strong><strong>\u1ea7<\/strong><strong>y .<\/strong><\/p>\n<p>&#8211; <strong>Dung l<\/strong><strong>\u01b0\u1ee3<\/strong><strong>ng nh<\/strong><strong>\u1edb<\/strong><strong> 100.000 IN\/OUT<\/strong><strong>&#8211; K<\/strong><strong>\u1ebf<\/strong><strong>t n<\/strong><strong>\u1ed1<\/strong><strong>i v<\/strong><strong>\u1edb<\/strong><strong>i m<\/strong><strong>\u00e1<\/strong><strong>y t<\/strong><strong>\u00ed<\/strong><strong>nh\u00a0 qua c<\/strong><strong>\u1ed5<\/strong><strong>ng RS <\/strong><strong>\u2013<\/strong><strong> 232\/485, TCP\/IP, USB<\/strong><\/p>\n<p><strong>&#8211; Chu\u00f4ng b\u00e1o gi<\/strong><strong>\u1edd<\/strong><strong> v<\/strong><strong>\u00e0<\/strong><strong>o, ra, t<\/strong><strong>\u0103<\/strong><strong>ng ca<\/strong><\/p>\n<p>&#8211; Hi\u1ec3n th\u1ecb t\u00ean ng\u01b0\u1eddi ch\u1ea5m c\u00f4ng l\u00ean m\u00e1y.<\/p>\n<p>&#8211; B\u00fat c\u1ea3m \u1ee9ng k\u00e8m theo m\u00e1y chuy\u00ean nghi\u1ec7p<\/p>\n<p>&#8211; T\u1ed1c \u0111\u1ed9 x\u1eed l\u00fd nhanh &lt;1s\/1l\u1ea7n ch\u1ea5m c\u00f4ng.<\/p>\n<p>+ <strong>K<\/strong><strong>\u1ebf<\/strong><strong>t h<\/strong><strong>\u1ee3<\/strong><strong>p s<\/strong><strong>\u1eed<\/strong><strong> d<\/strong><strong>\u1ee5<\/strong><strong>ng d<\/strong><strong>\u1ea5<\/strong><strong>u v<\/strong><strong>\u00e2<\/strong><strong>n tay &amp; khu<\/strong><strong>\u00f4<\/strong><strong>n m<\/strong><strong>\u1eb7<\/strong><strong>t<\/strong><\/p>\n<p><strong>+ B<\/strong><strong>\u1ea3<\/strong><strong>o m<\/strong><strong>\u1ead<\/strong><strong>t cao, hi<\/strong><strong>\u1ec3<\/strong><strong>n th<\/strong><strong>\u1ecb<\/strong><strong> Ti<\/strong><strong>\u1ebf<\/strong><strong>ng Anh &amp; Ti<\/strong><strong>\u1ebf<\/strong><strong>ng Vi<\/strong><strong>\u1ec7<\/strong><strong>t<\/strong><\/p>\n<p><strong>\u00a0<\/strong>+ Ph\u1ea7n m\u1ec1m qu\u1ea3n l\u00fd t\u00ean nh\u00e2n vi\u00ean, s\u1ed1 v\u00e2n tay, gi\u1edd c\u00f4ng chi ti\u1ebft &amp; t\u1ed5ng h\u1ee3p\u2026\u2026\u0111\u01b0\u1ee3c xu\u1ea5t ra file Excel \u0111\u1ec3 t\u00ednh l\u01b0\u01a1ng\u2026\u2026<\/p>\n","protected":false},"excerpt":{"rendered":"<p>&#8211; Ch\u1ea5m c\u00f4ng b\u1eb1ng khu\u00f4n m\u1eb7t \u2013 v\u00e0 v\u00e2n tay &#8211; Qu\u1ea3n l\u00fd \u0111\u1ebfn 1200 khu\u00f4n m\u1eb7t + 2.000 d\u1ea5u v\u00e2n tay\u00a0 + b\u00fat c\u1ea3m \u1ee9ng &#8211; T\u00edch h\u1ee3p h\u1ec7 th\u1ed1ng ki\u1ec3m so\u00e1t c\u1eeda ra v\u00e0o &#8211; S\u1eed d\u1ee5ng Chip x\u1eed l\u00fd Intel c\u1ee7a M\u1ef9 &#8211; S\u1eed d\u1ee5ng Sensor th\u1ebf h\u1ec7 m\u1edbi ch\u1ed1ng tr\u1ea7y . [&hellip;]<\/p>\n","protected":false},"featured_media":19098,"comment_status":"open","ping_status":"closed","template":"","meta":[],"product_brand":[],"product_cat":[176],"product_tag":[],"class_list":{"0":"post-19097","1":"product","2":"type-product","3":"status-publish","4":"has-post-thumbnail","6":"product_cat-may-cham-cong","8":"first","9":"instock","10":"shipping-taxable","11":"product-type-simple"},"_links":{"self":[{"href":"https:\/\/legiavanphongpham.com\/index.php\/wp-json\/wp\/v2\/product\/19097","targetHints":{"allow":["GET"]}}],"collection":[{"href":"https:\/\/legiavanphongpham.com\/index.php\/wp-json\/wp\/v2\/product"}],"about":[{"href":"https:\/\/legiavanphongpham.com\/index.php\/wp-json\/wp\/v2\/types\/product"}],"replies":[{"embeddable":true,"href":"https:\/\/legiavanphongpham.com\/index.php\/wp-json\/wp\/v2\/comments?post=19097"}],"wp:featuredmedia":[{"embeddable":true,"href":"https:\/\/legiavanphongpham.com\/index.php\/wp-json\/wp\/v2\/media\/19098"}],"wp:attachment":[{"href":"https:\/\/legiavanphongpham.com\/index.php\/wp-json\/wp\/v2\/media?parent=19097"}],"wp:term":[{"taxonomy":"product_brand","embeddable":true,"href":"https:\/\/legiavanphongpham.com\/index.php\/wp-json\/wp\/v2\/product_brand?post=19097"},{"taxonomy":"product_cat","embeddable":true,"href":"https:\/\/legiavanphongpham.com\/index.php\/wp-json\/wp\/v2\/product_cat?post=19097"},{"taxonomy":"product_tag","embeddable":true,"href":"https:\/\/legiavanphongpham.com\/index.php\/wp-json\/wp\/v2\/product_tag?post=19097"}],"curies":[{"name":"wp","href":"https:\/\/api.w.org\/{rel}","templated":true}]}}