{"id":19101,"date":"2021-11-04T09:22:51","date_gmt":"2021-11-04T02:22:51","guid":{"rendered":"https:\/\/legiavanphongpham.com\/?post_type=product&#038;p=19101"},"modified":"2021-11-04T09:22:51","modified_gmt":"2021-11-04T02:22:51","slug":"mita-8683","status":"publish","type":"product","link":"https:\/\/legiavanphongpham.com\/index.php\/product\/mita-8683\/","title":{"rendered":"MITA 8683"},"content":{"rendered":"<p><strong><u>T\u00ednh n\u0103ng<\/u><\/strong><strong><em>:<\/em><\/strong><\/p>\n<p>&#8211; Ch\u1ea5m c\u00f4ng b\u1eb1ng d\u1ea5u v\u00e2n tay + th\u1ebb c\u1ea3m \u1ee9ng<\/p>\n<p>&#8211; <strong>Qu\u1ea3n l\u00fd \u0111\u1ebfn <u>10.000<\/u> <u>d\u1ea5u v\u00e2n tay &amp; 10.000 Th\u1ebb c\u1ea3m \u1ee9ng + Password.<\/u><\/strong><\/p>\n<p>&#8211; <strong>S\u1eed d\u1ee5ng Chip x\u1eed l\u00fd <u>Intel c\u1ee7a M\u1ef9 m\u1edbi nh\u1ea5t n\u0103m 2014<\/u><\/strong><\/p>\n<p>&#8211; S\u1eed d\u1ee5ng Sensor th\u1ebf h\u1ec7 m\u1edbi ch\u1ed1ng tr\u1ea7y, ch\u1ed1ng m\u00e0i m\u00f2n .<\/p>\n<p>&#8211; <strong>Dung l\u01b0\u1ee3ng nh\u1edb 200.000 IN\/OUT<\/strong>(khi kh\u00f4ng k\u1ebft n\u1ed1i m\u00e1y t\u00ednh)<\/p>\n<p><strong>&#8211; B\u00e0n ph\u00edm :\u00a0 16 ph\u00edm s\u1ed1 + 8 ph\u00edm ch\u1ee9c n\u0103ng<\/strong><\/p>\n<p>&#8211; T\u00edch h\u1ee3p \u00e2m thanh. Chu\u00f4ng b\u00e1o gi\u1edd v\u00e0o, ra, t\u0103ng ca\u2026.<\/p>\n<p><strong>&#8211; K\u1ebft n\u1ed1i v\u1edbi m\u00e1y t\u00ednh\u00a0 qua c\u1ed5ng RS \u2013 232\/485, TCP\/IP + USB<\/strong><\/p>\n<p><strong>&#8211; <\/strong>Chu\u00f4ng b\u00e1o gi\u1edd v\u00e0o, ra, t\u0103ng ca, c\u00f3 15 ki\u1ec3u chu\u00f4ng<\/p>\n<p>&#8211; Hi\u1ec3n th\u1ecb t\u00ean ng\u01b0\u1eddi ch\u1ea5m c\u00f4ng l\u00ean m\u00e1y.<\/p>\n<p>&#8211; D\u1eef li\u1ec7u trong m\u00e1y kh\u00f4ng b\u1ecb m\u1ea5t khi x\u00e3y ra c\u00fap \u0111i\u1ec7n.<\/p>\n<p>&#8211; T\u1ed1c \u0111\u1ed9 x\u1eed l\u00fd nhanh &lt;1s\/1l\u1ea7n ch\u1ea5m c\u00f4ng.<\/p>\n<p>&#8211; M\u1ed9t ng\u01b0\u1eddi c\u00f3 th\u1ec3 \u0111\u0103ng k\u00fd 10 d\u1ea5u v\u00e2n tay &amp; password<\/p>\n<p>&nbsp;<\/p>\n<p><strong><u>\u01afu \u0111i\u1ec3m<\/u><\/strong>:<\/p>\n<p>+ <strong>K\u1ebft h\u1ee3p s\u1eed d\u1ee5ng d\u1ea5u v\u00e2n tay &amp; th\u1ebb c\u1ea3m \u1ee9ng<\/strong><\/p>\n<p><strong>+ B\u1ea3o m\u1eadt cao, hi\u1ec3n th\u1ecb Ti\u1ebfng Anh &amp; Ti\u1ebfng Vi\u1ec7t<\/strong><\/p>\n<p><strong>\u00a0<\/strong>+ Ph\u1ea7n m\u1ec1m qu\u1ea3n l\u00fd t\u00ean nh\u00e2n vi\u00ean, s\u1ed1 v\u00e2n tay, gi\u1edd c\u00f4ng chi ti\u1ebft &amp; t\u1ed5ng h\u1ee3p\u2026 \u0111\u01b0\u1ee3c xu\u1ea5t ra file Excel \u0111\u1ec3 t\u00ednh l\u01b0\u01a1ng\u2026<\/p>\n","protected":false},"excerpt":{"rendered":"<p>T\u00ednh n\u0103ng: &#8211; Ch\u1ea5m c\u00f4ng b\u1eb1ng d\u1ea5u v\u00e2n tay + th\u1ebb c\u1ea3m \u1ee9ng &#8211; Qu\u1ea3n l\u00fd \u0111\u1ebfn 10.000 d\u1ea5u v\u00e2n tay &amp; 10.000 Th\u1ebb c\u1ea3m \u1ee9ng + Password. &#8211; S\u1eed d\u1ee5ng Chip x\u1eed l\u00fd Intel c\u1ee7a M\u1ef9 m\u1edbi nh\u1ea5t n\u0103m 2014 &#8211; S\u1eed d\u1ee5ng Sensor th\u1ebf h\u1ec7 m\u1edbi ch\u1ed1ng tr\u1ea7y, ch\u1ed1ng m\u00e0i m\u00f2n . &#8211; [&hellip;]<\/p>\n","protected":false},"featured_media":19102,"comment_status":"open","ping_status":"closed","template":"","meta":[],"product_brand":[],"product_cat":[176],"product_tag":[],"class_list":{"0":"post-19101","1":"product","2":"type-product","3":"status-publish","4":"has-post-thumbnail","6":"product_cat-may-cham-cong","8":"first","9":"instock","10":"shipping-taxable","11":"purchasable","12":"product-type-simple"},"_links":{"self":[{"href":"https:\/\/legiavanphongpham.com\/index.php\/wp-json\/wp\/v2\/product\/19101","targetHints":{"allow":["GET"]}}],"collection":[{"href":"https:\/\/legiavanphongpham.com\/index.php\/wp-json\/wp\/v2\/product"}],"about":[{"href":"https:\/\/legiavanphongpham.com\/index.php\/wp-json\/wp\/v2\/types\/product"}],"replies":[{"embeddable":true,"href":"https:\/\/legiavanphongpham.com\/index.php\/wp-json\/wp\/v2\/comments?post=19101"}],"wp:featuredmedia":[{"embeddable":true,"href":"https:\/\/legiavanphongpham.com\/index.php\/wp-json\/wp\/v2\/media\/19102"}],"wp:attachment":[{"href":"https:\/\/legiavanphongpham.com\/index.php\/wp-json\/wp\/v2\/media?parent=19101"}],"wp:term":[{"taxonomy":"product_brand","embeddable":true,"href":"https:\/\/legiavanphongpham.com\/index.php\/wp-json\/wp\/v2\/product_brand?post=19101"},{"taxonomy":"product_cat","embeddable":true,"href":"https:\/\/legiavanphongpham.com\/index.php\/wp-json\/wp\/v2\/product_cat?post=19101"},{"taxonomy":"product_tag","embeddable":true,"href":"https:\/\/legiavanphongpham.com\/index.php\/wp-json\/wp\/v2\/product_tag?post=19101"}],"curies":[{"name":"wp","href":"https:\/\/api.w.org\/{rel}","templated":true}]}}