{"id":19111,"date":"2021-11-23T08:50:24","date_gmt":"2021-11-23T01:50:24","guid":{"rendered":"https:\/\/legiavanphongpham.com\/?post_type=product&#038;p=19111"},"modified":"2021-11-23T08:50:24","modified_gmt":"2021-11-23T01:50:24","slug":"canoscan-lide-120","status":"publish","type":"product","link":"https:\/\/legiavanphongpham.com\/index.php\/product\/canoscan-lide-120\/","title":{"rendered":"CanoScan Lide 120"},"content":{"rendered":"<table width=\"407\">\n<tbody>\n<tr>\n<td width=\"134\">T\u1ed1c \u0111\u1ed9 Scan<\/td>\n<td width=\"273\">16 gi\u00e2y\/trang, scan lo\u1ea1i CIS<\/td>\n<\/tr>\n<tr>\n<td width=\"134\">Scan<\/td>\n<td width=\"273\">A4, lo\u1ea1i ph\u1eb3ng. B\u1ed9 c\u1ea3m bi\u1ebfn CCD m\u00e0u 3 n\u00e9t<\/td>\n<\/tr>\n<tr>\n<td width=\"134\">\u0110\u1ed9 s\u00e2u bit m\u00e0u qu\u00e9t<\/td>\n<td width=\"273\">48 bit, giao ti\u1ebfp USB2.0<\/td>\n<\/tr>\n<tr>\n<td width=\"134\">\u0110\u1ed9 ph\u00e2n gi\u1ea3i<\/td>\n<td width=\"273\">2400 x 4800 dpi<\/td>\n<\/tr>\n<tr>\n<td width=\"134\">K\u00edch th\u01b0\u1edbc<\/td>\n<td width=\"273\">250x370x40 mm<\/td>\n<\/tr>\n<tr>\n<td width=\"134\">Tr\u1ecdng l\u01b0\u1ee3ng<\/td>\n<td width=\"273\">x\u1ea5p x\u1ec9 1.6kg<\/td>\n<\/tr>\n<tr>\n<td width=\"134\">Xu\u1ea5t x\u1ee9<\/td>\n<td width=\"273\">VIETNAM<\/td>\n<\/tr>\n<\/tbody>\n<\/table>\n","protected":false},"excerpt":{"rendered":"<p>T\u1ed1c \u0111\u1ed9 Scan 16 gi\u00e2y\/trang, scan lo\u1ea1i CIS Scan A4, lo\u1ea1i ph\u1eb3ng. B\u1ed9 c\u1ea3m bi\u1ebfn CCD m\u00e0u 3 n\u00e9t \u0110\u1ed9 s\u00e2u bit m\u00e0u qu\u00e9t 48 bit, giao ti\u1ebfp USB2.0 \u0110\u1ed9 ph\u00e2n gi\u1ea3i 2400 x 4800 dpi K\u00edch th\u01b0\u1edbc 250x370x40 mm Tr\u1ecdng l\u01b0\u1ee3ng x\u1ea5p x\u1ec9 1.6kg Xu\u1ea5t x\u1ee9 VIETNAM<\/p>\n","protected":false},"featured_media":19112,"comment_status":"open","ping_status":"closed","template":"","meta":[],"product_brand":[],"product_cat":[174],"product_tag":[],"class_list":{"0":"post-19111","1":"product","2":"type-product","3":"status-publish","4":"has-post-thumbnail","6":"product_cat-may-scan","8":"first","9":"instock","10":"shipping-taxable","11":"purchasable","12":"product-type-simple"},"_links":{"self":[{"href":"https:\/\/legiavanphongpham.com\/index.php\/wp-json\/wp\/v2\/product\/19111","targetHints":{"allow":["GET"]}}],"collection":[{"href":"https:\/\/legiavanphongpham.com\/index.php\/wp-json\/wp\/v2\/product"}],"about":[{"href":"https:\/\/legiavanphongpham.com\/index.php\/wp-json\/wp\/v2\/types\/product"}],"replies":[{"embeddable":true,"href":"https:\/\/legiavanphongpham.com\/index.php\/wp-json\/wp\/v2\/comments?post=19111"}],"wp:featuredmedia":[{"embeddable":true,"href":"https:\/\/legiavanphongpham.com\/index.php\/wp-json\/wp\/v2\/media\/19112"}],"wp:attachment":[{"href":"https:\/\/legiavanphongpham.com\/index.php\/wp-json\/wp\/v2\/media?parent=19111"}],"wp:term":[{"taxonomy":"product_brand","embeddable":true,"href":"https:\/\/legiavanphongpham.com\/index.php\/wp-json\/wp\/v2\/product_brand?post=19111"},{"taxonomy":"product_cat","embeddable":true,"href":"https:\/\/legiavanphongpham.com\/index.php\/wp-json\/wp\/v2\/product_cat?post=19111"},{"taxonomy":"product_tag","embeddable":true,"href":"https:\/\/legiavanphongpham.com\/index.php\/wp-json\/wp\/v2\/product_tag?post=19111"}],"curies":[{"name":"wp","href":"https:\/\/api.w.org\/{rel}","templated":true}]}}