{"id":19113,"date":"2021-11-23T08:51:32","date_gmt":"2021-11-23T01:51:32","guid":{"rendered":"https:\/\/legiavanphongpham.com\/?post_type=product&#038;p=19113"},"modified":"2021-11-23T08:51:45","modified_gmt":"2021-11-23T01:51:45","slug":"canonscan-lide-220","status":"publish","type":"product","link":"https:\/\/legiavanphongpham.com\/index.php\/product\/canonscan-lide-220\/","title":{"rendered":"CanonScan Lide 220"},"content":{"rendered":"<table width=\"407\">\n<tbody>\n<tr>\n<td width=\"134\">\u0110\u1ed9 ph\u00e2n gi\u1ea3i<\/td>\n<td width=\"273\">4800 x 4800 dpi, Scan lo\u1ea1i CIS<\/td>\n<\/tr>\n<tr>\n<td width=\"134\">Kh\u1ed5 gi\u1ea5y qu\u00e9t<\/td>\n<td width=\"273\">A4\/ letter. B\u1ed9 c\u1ea3m bi\u1ebfn CCD m\u00e0u 3 n\u00e9t<\/td>\n<\/tr>\n<tr>\n<td width=\"134\">Ph\u00edm ch\u1ee9c n\u0103ng<\/td>\n<td width=\"273\">Copy, Scan, PDF, E-mail.<\/td>\n<\/tr>\n<tr>\n<td width=\"134\">C\u1ed5ng giao ti\u1ebfp<\/td>\n<td width=\"273\">USB 2.0 Hi-speed.<\/td>\n<\/tr>\n<tr>\n<td width=\"134\">T\u1ed1c \u0111\u1ed9 qu\u00e9t \u1ea3nh<\/td>\n<td width=\"273\">10 gi\u00e2y\/trang (300 dpi)<\/td>\n<\/tr>\n<tr>\n<td width=\"134\">C\u00f4ng su\u1ea5t ti\u00eau th\u1ee5<\/td>\n<td width=\"273\">2.5W (ho\u1ea1t \u0111\u1ed9ng), 1.4W (tr\u1ea1ng th\u00e1i ch\u1edd)<\/td>\n<\/tr>\n<tr>\n<td width=\"134\">K\u00edch th\u01b0\u1edbc<\/td>\n<td width=\"273\">250x365x39 mm.<\/td>\n<\/tr>\n<tr>\n<td width=\"134\">Tr\u1ecdng l\u01b0\u1ee3ng<\/td>\n<td width=\"273\">1.6 kg.<\/td>\n<\/tr>\n<tr>\n<td width=\"134\">Xu\u1ea5t x\u1ee9<\/td>\n<td width=\"273\">VIETNAM<\/td>\n<\/tr>\n<\/tbody>\n<\/table>\n","protected":false},"excerpt":{"rendered":"<p>\u0110\u1ed9 ph\u00e2n gi\u1ea3i 4800 x 4800 dpi, Scan lo\u1ea1i CIS Kh\u1ed5 gi\u1ea5y qu\u00e9t A4\/ letter. B\u1ed9 c\u1ea3m bi\u1ebfn CCD m\u00e0u 3 n\u00e9t Ph\u00edm ch\u1ee9c n\u0103ng Copy, Scan, PDF, E-mail. C\u1ed5ng giao ti\u1ebfp USB 2.0 Hi-speed. T\u1ed1c \u0111\u1ed9 qu\u00e9t \u1ea3nh 10 gi\u00e2y\/trang (300 dpi) C\u00f4ng su\u1ea5t ti\u00eau th\u1ee5 2.5W (ho\u1ea1t \u0111\u1ed9ng), 1.4W (tr\u1ea1ng th\u00e1i ch\u1edd) K\u00edch [&hellip;]<\/p>\n","protected":false},"featured_media":19114,"comment_status":"open","ping_status":"closed","template":"","meta":[],"product_brand":[],"product_cat":[174],"product_tag":[],"class_list":{"0":"post-19113","1":"product","2":"type-product","3":"status-publish","4":"has-post-thumbnail","6":"product_cat-may-scan","8":"first","9":"instock","10":"shipping-taxable","11":"purchasable","12":"product-type-simple"},"_links":{"self":[{"href":"https:\/\/legiavanphongpham.com\/index.php\/wp-json\/wp\/v2\/product\/19113","targetHints":{"allow":["GET"]}}],"collection":[{"href":"https:\/\/legiavanphongpham.com\/index.php\/wp-json\/wp\/v2\/product"}],"about":[{"href":"https:\/\/legiavanphongpham.com\/index.php\/wp-json\/wp\/v2\/types\/product"}],"replies":[{"embeddable":true,"href":"https:\/\/legiavanphongpham.com\/index.php\/wp-json\/wp\/v2\/comments?post=19113"}],"wp:featuredmedia":[{"embeddable":true,"href":"https:\/\/legiavanphongpham.com\/index.php\/wp-json\/wp\/v2\/media\/19114"}],"wp:attachment":[{"href":"https:\/\/legiavanphongpham.com\/index.php\/wp-json\/wp\/v2\/media?parent=19113"}],"wp:term":[{"taxonomy":"product_brand","embeddable":true,"href":"https:\/\/legiavanphongpham.com\/index.php\/wp-json\/wp\/v2\/product_brand?post=19113"},{"taxonomy":"product_cat","embeddable":true,"href":"https:\/\/legiavanphongpham.com\/index.php\/wp-json\/wp\/v2\/product_cat?post=19113"},{"taxonomy":"product_tag","embeddable":true,"href":"https:\/\/legiavanphongpham.com\/index.php\/wp-json\/wp\/v2\/product_tag?post=19113"}],"curies":[{"name":"wp","href":"https:\/\/api.w.org\/{rel}","templated":true}]}}