{"id":19151,"date":"2021-11-23T09:36:07","date_gmt":"2021-11-23T02:36:07","guid":{"rendered":"https:\/\/legiavanphongpham.com\/?post_type=product&#038;p=19151"},"modified":"2021-11-23T09:36:08","modified_gmt":"2021-11-23T02:36:08","slug":"bingo-c30","status":"publish","type":"product","link":"https:\/\/legiavanphongpham.com\/index.php\/product\/bingo-c30\/","title":{"rendered":"BINGO C30"},"content":{"rendered":"<table width=\"353\">\n<tbody>\n<tr>\n<td colspan=\"2\" rowspan=\"9\" width=\"353\">&#8211; Mi\u1ec7ng c\u1eaft: 220 mm<br \/>\n&#8211; Lo\u1ea1i c\u1eaft: V\u1ee5n<br \/>\n&#8211; K\u00edch c\u1ee1 c\u1eaft: 2 x 10 mm<br \/>\n&#8211; S\u1ed1 t\u1edd c\u1eaft: 5 &#8211; 6 t\u1edd ( A4, 70 gm)<br \/>\n&#8211; T\u1ed1c \u0111\u1ed9 c\u1eaft: 3m \/ ph\u00fat<br \/>\n&#8211; Th\u00f9ng \u0111\u1ef1ng gi\u1ea5y: 15 L\u00edt<br \/>\n&#8211; K\u00edch th\u01b0\u1edbc m\u00e1y : 330 x 355 x 510 mm<br \/>\n&#8211; Tr\u1ecdng l\u01b0\u1ee3ng: 8,5 kg<\/td>\n<\/tr>\n<\/tbody>\n<\/table>\n","protected":false},"excerpt":{"rendered":"<p>&#8211; Mi\u1ec7ng c\u1eaft: 220 mm &#8211; Lo\u1ea1i c\u1eaft: V\u1ee5n &#8211; K\u00edch c\u1ee1 c\u1eaft: 2 x 10 mm &#8211; S\u1ed1 t\u1edd c\u1eaft: 5 &#8211; 6 t\u1edd ( A4, 70 gm) &#8211; T\u1ed1c \u0111\u1ed9 c\u1eaft: 3m \/ ph\u00fat &#8211; Th\u00f9ng \u0111\u1ef1ng gi\u1ea5y: 15 L\u00edt &#8211; K\u00edch th\u01b0\u1edbc m\u00e1y : 330 x 355 x 510 mm &#8211; Tr\u1ecdng [&hellip;]<\/p>\n","protected":false},"featured_media":19152,"comment_status":"open","ping_status":"closed","template":"","meta":[],"product_brand":[],"product_cat":[181],"product_tag":[],"class_list":{"0":"post-19151","1":"product","2":"type-product","3":"status-publish","4":"has-post-thumbnail","6":"product_cat-may-huy","8":"first","9":"instock","10":"shipping-taxable","11":"purchasable","12":"product-type-simple"},"_links":{"self":[{"href":"https:\/\/legiavanphongpham.com\/index.php\/wp-json\/wp\/v2\/product\/19151","targetHints":{"allow":["GET"]}}],"collection":[{"href":"https:\/\/legiavanphongpham.com\/index.php\/wp-json\/wp\/v2\/product"}],"about":[{"href":"https:\/\/legiavanphongpham.com\/index.php\/wp-json\/wp\/v2\/types\/product"}],"replies":[{"embeddable":true,"href":"https:\/\/legiavanphongpham.com\/index.php\/wp-json\/wp\/v2\/comments?post=19151"}],"wp:featuredmedia":[{"embeddable":true,"href":"https:\/\/legiavanphongpham.com\/index.php\/wp-json\/wp\/v2\/media\/19152"}],"wp:attachment":[{"href":"https:\/\/legiavanphongpham.com\/index.php\/wp-json\/wp\/v2\/media?parent=19151"}],"wp:term":[{"taxonomy":"product_brand","embeddable":true,"href":"https:\/\/legiavanphongpham.com\/index.php\/wp-json\/wp\/v2\/product_brand?post=19151"},{"taxonomy":"product_cat","embeddable":true,"href":"https:\/\/legiavanphongpham.com\/index.php\/wp-json\/wp\/v2\/product_cat?post=19151"},{"taxonomy":"product_tag","embeddable":true,"href":"https:\/\/legiavanphongpham.com\/index.php\/wp-json\/wp\/v2\/product_tag?post=19151"}],"curies":[{"name":"wp","href":"https:\/\/api.w.org\/{rel}","templated":true}]}}