{"id":19195,"date":"2021-11-24T15:24:35","date_gmt":"2021-11-24T08:24:35","guid":{"rendered":"https:\/\/legiavanphongpham.com\/?post_type=product&#038;p=19195"},"modified":"2024-08-26T11:29:05","modified_gmt":"2024-08-26T04:29:05","slug":"bia-trinh-ki-thien-longcb03-cb04-cb05","status":"publish","type":"product","link":"https:\/\/legiavanphongpham.com\/index.php\/product\/bia-trinh-ki-thien-longcb03-cb04-cb05\/","title":{"rendered":"B\u00ccA TR\u00ccNH K\u00cd THI\u00caN LONG(CB03\/CB04\/CB05)"},"content":{"rendered":"<p>Xu\u1ea5t X\u1ee9: Vi\u1ec7t Nam<\/p>\n","protected":false},"excerpt":{"rendered":"<p>Xu\u1ea5t X\u1ee9: Vi\u1ec7t Nam<\/p>\n","protected":false},"featured_media":19196,"comment_status":"open","ping_status":"closed","template":"","meta":[],"product_brand":[],"product_cat":[258],"product_tag":[],"class_list":{"0":"post-19195","1":"product","2":"type-product","3":"status-publish","4":"has-post-thumbnail","6":"product_cat-bia-trinh-ki-thien-longcb03-cb04-cb05","8":"first","9":"instock","10":"shipping-taxable","11":"product-type-simple"},"_links":{"self":[{"href":"https:\/\/legiavanphongpham.com\/index.php\/wp-json\/wp\/v2\/product\/19195","targetHints":{"allow":["GET"]}}],"collection":[{"href":"https:\/\/legiavanphongpham.com\/index.php\/wp-json\/wp\/v2\/product"}],"about":[{"href":"https:\/\/legiavanphongpham.com\/index.php\/wp-json\/wp\/v2\/types\/product"}],"replies":[{"embeddable":true,"href":"https:\/\/legiavanphongpham.com\/index.php\/wp-json\/wp\/v2\/comments?post=19195"}],"wp:featuredmedia":[{"embeddable":true,"href":"https:\/\/legiavanphongpham.com\/index.php\/wp-json\/wp\/v2\/media\/19196"}],"wp:attachment":[{"href":"https:\/\/legiavanphongpham.com\/index.php\/wp-json\/wp\/v2\/media?parent=19195"}],"wp:term":[{"taxonomy":"product_brand","embeddable":true,"href":"https:\/\/legiavanphongpham.com\/index.php\/wp-json\/wp\/v2\/product_brand?post=19195"},{"taxonomy":"product_cat","embeddable":true,"href":"https:\/\/legiavanphongpham.com\/index.php\/wp-json\/wp\/v2\/product_cat?post=19195"},{"taxonomy":"product_tag","embeddable":true,"href":"https:\/\/legiavanphongpham.com\/index.php\/wp-json\/wp\/v2\/product_tag?post=19195"}],"curies":[{"name":"wp","href":"https:\/\/api.w.org\/{rel}","templated":true}]}}